{"id":42637,"date":"2026-01-29T13:29:05","date_gmt":"2026-01-29T12:29:05","guid":{"rendered":"https:\/\/swissoja.ch\/?post_type=product&#038;p=42637"},"modified":"2026-02-26T15:16:46","modified_gmt":"2026-02-26T14:16:46","slug":"bio-tofu-mariniert-sweet-sour-200g","status":"publish","type":"product","link":"https:\/\/swissoja.ch\/de\/produits\/bio-tofu-mariniert-sweet-sour-200g\/","title":{"rendered":"Bio Tofu Mariniert Sweet &#038; Sour 200g"},"content":{"rendered":"<p><strong>Die Sweet-&amp;-Sour-marinierten Bio-Tofuw\u00fcrfel<\/strong>\u00a0werden in Genf handwerklich aus Schweizer Bio-Soja hergestellt. Ihre s\u00fcss-s\u00e4uerliche Marinade bietet ein ausgewogenes Zusammenspiel von S\u00fcsse und S\u00e4ure und wird sowohl von Liebhaber:innen der asiatischen K\u00fcche als auch von Familien gesch\u00e4tzt.<\/p>\n","protected":false},"excerpt":{"rendered":"<p>Tofu 70 % [Wasser,\u00a0<strong>Sojabohnen<\/strong>\u00a0(Schweiz), Nigari (Magnesiumchlorid)], Tomatenp\u00fcree* 8 %, Rohrzucker* 6 %, Apfelessig* 6 % (Schweiz), Raps\u00f6l* (Schweiz), Tamari-Sauce* [Wasser,\u00a0<strong>Soja<\/strong>*, Salz],\u00a0<strong>Sesam<\/strong>*, Zitronensaft*, jodiertes Meersalz, Knoblauch*, Ingwer*, Chili*.<\/p>\n<p><em>(*) Aus \u00f6kologischer Landwirtschaft.<\/em><\/p>\n<p>&nbsp;<\/p>\n","protected":false},"featured_media":42757,"template":"","meta":[],"product_brand":[],"product_cat":[222,223],"product_tag":[170],"class_list":{"0":"post-42637","1":"product","2":"type-product","3":"status-publish","4":"has-post-thumbnail","6":"product_cat-kuf-b2b","7":"product_cat-kuf-b2c","8":"product_tag-burger-de","10":"first","11":"instock","12":"shipping-taxable","13":"purchasable","14":"product-type-simple"},"yoast_head":"<!-- This site is optimized with the Yoast SEO plugin v26.8 - https:\/\/yoast.com\/product\/yoast-seo-wordpress\/ -->\n<title>SWISSOJA - Bio Tofu Mariniert Sweet &amp; Sour 200g -<\/title>\n<meta name=\"description\" content=\"Bio Tofu Sweet &amp; Sour aus Schweizer Soja: fein mariniert, pflanzlich, proteinreich und vielseitig. Ideal f\u00fcr Wok, Pfanne oder kalte Gerichte.\" \/>\n<meta name=\"robots\" content=\"index, follow, max-snippet:-1, max-image-preview:large, max-video-preview:-1\" \/>\n<link rel=\"canonical\" href=\"https:\/\/swissoja.ch\/de\/produits\/bio-tofu-mariniert-sweet-sour-200g\/\" \/>\n<meta property=\"og:locale\" content=\"de_DE\" \/>\n<meta property=\"og:type\" content=\"article\" \/>\n<meta property=\"og:title\" content=\"SWISSOJA - Bio Tofu Mariniert Sweet &amp; Sour 200g -\" \/>\n<meta property=\"og:description\" content=\"Bio Tofu Sweet &amp; Sour aus Schweizer Soja: fein mariniert, pflanzlich, proteinreich und vielseitig. Ideal f\u00fcr Wok, Pfanne oder kalte Gerichte.\" \/>\n<meta property=\"og:url\" content=\"https:\/\/swissoja.ch\/de\/produits\/bio-tofu-mariniert-sweet-sour-200g\/\" \/>\n<meta property=\"og:site_name\" content=\"swissoja.ch\" \/>\n<meta property=\"article:publisher\" content=\"https:\/\/www.facebook.com\/swissoja\" \/>\n<meta property=\"article:modified_time\" content=\"2026-02-26T14:16:46+00:00\" \/>\n<meta property=\"og:image\" content=\"https:\/\/swissoja.ch\/wp-content\/uploads\/2026\/02\/Swissoja-bio-tofu-suisse-mariniert-sweet-sour-DE.jpg\" \/>\n\t<meta property=\"og:image:width\" content=\"1980\" \/>\n\t<meta property=\"og:image:height\" content=\"1400\" \/>\n\t<meta property=\"og:image:type\" content=\"image\/jpeg\" \/>\n<meta name=\"twitter:card\" content=\"summary_large_image\" \/>\n<meta name=\"twitter:label1\" content=\"Gesch\u00e4tzte Lesezeit\" \/>\n\t<meta name=\"twitter:data1\" content=\"1\u00a0Minute\" \/>\n<script type=\"application\/ld+json\" class=\"yoast-schema-graph\">{\"@context\":\"https:\/\/schema.org\",\"@graph\":[{\"@type\":\"WebPage\",\"@id\":\"https:\/\/swissoja.ch\/de\/produits\/bio-tofu-mariniert-sweet-sour-200g\/\",\"url\":\"https:\/\/swissoja.ch\/de\/produits\/bio-tofu-mariniert-sweet-sour-200g\/\",\"name\":\"SWISSOJA - Bio Tofu Mariniert Sweet & Sour 200g -\",\"isPartOf\":{\"@id\":\"https:\/\/swissoja.ch\/de\/#website\"},\"primaryImageOfPage\":{\"@id\":\"https:\/\/swissoja.ch\/de\/produits\/bio-tofu-mariniert-sweet-sour-200g\/#primaryimage\"},\"image\":{\"@id\":\"https:\/\/swissoja.ch\/de\/produits\/bio-tofu-mariniert-sweet-sour-200g\/#primaryimage\"},\"thumbnailUrl\":\"https:\/\/swissoja.ch\/wp-content\/uploads\/2026\/02\/Swissoja-bio-tofu-suisse-mariniert-sweet-sour-DE.jpg\",\"datePublished\":\"2026-01-29T12:29:05+00:00\",\"dateModified\":\"2026-02-26T14:16:46+00:00\",\"description\":\"Bio Tofu Sweet & Sour aus Schweizer Soja: fein mariniert, pflanzlich, proteinreich und vielseitig. Ideal f\u00fcr Wok, Pfanne oder kalte Gerichte.\",\"breadcrumb\":{\"@id\":\"https:\/\/swissoja.ch\/de\/produits\/bio-tofu-mariniert-sweet-sour-200g\/#breadcrumb\"},\"inLanguage\":\"de\",\"potentialAction\":[{\"@type\":\"ReadAction\",\"target\":[\"https:\/\/swissoja.ch\/de\/produits\/bio-tofu-mariniert-sweet-sour-200g\/\"]}]},{\"@type\":\"ImageObject\",\"inLanguage\":\"de\",\"@id\":\"https:\/\/swissoja.ch\/de\/produits\/bio-tofu-mariniert-sweet-sour-200g\/#primaryimage\",\"url\":\"https:\/\/swissoja.ch\/wp-content\/uploads\/2026\/02\/Swissoja-bio-tofu-suisse-mariniert-sweet-sour-DE.jpg\",\"contentUrl\":\"https:\/\/swissoja.ch\/wp-content\/uploads\/2026\/02\/Swissoja-bio-tofu-suisse-mariniert-sweet-sour-DE.jpg\",\"width\":1980,\"height\":1400},{\"@type\":\"BreadcrumbList\",\"@id\":\"https:\/\/swissoja.ch\/de\/produits\/bio-tofu-mariniert-sweet-sour-200g\/#breadcrumb\",\"itemListElement\":[{\"@type\":\"ListItem\",\"position\":1,\"name\":\"Accueil\",\"item\":\"https:\/\/swissoja.ch\/de\/\"},{\"@type\":\"ListItem\",\"position\":2,\"name\":\"SHOP\",\"item\":\"https:\/\/swissoja.ch\/de\/shop\/\"},{\"@type\":\"ListItem\",\"position\":3,\"name\":\"Bio Tofu Mariniert Sweet &#038; Sour 200g\"}]},{\"@type\":\"WebSite\",\"@id\":\"https:\/\/swissoja.ch\/de\/#website\",\"url\":\"https:\/\/swissoja.ch\/de\/\",\"name\":\"swissoja.ch\",\"description\":\"PREMIUM SOJA FOOD\",\"potentialAction\":[{\"@type\":\"SearchAction\",\"target\":{\"@type\":\"EntryPoint\",\"urlTemplate\":\"https:\/\/swissoja.ch\/de\/?s={search_term_string}\"},\"query-input\":{\"@type\":\"PropertyValueSpecification\",\"valueRequired\":true,\"valueName\":\"search_term_string\"}}],\"inLanguage\":\"de\"}]}<\/script>\n<!-- \/ Yoast SEO plugin. -->","yoast_head_json":{"title":"SWISSOJA - Bio Tofu Mariniert Sweet & Sour 200g -","description":"Bio Tofu Sweet & Sour aus Schweizer Soja: fein mariniert, pflanzlich, proteinreich und vielseitig. Ideal f\u00fcr Wok, Pfanne oder kalte Gerichte.","robots":{"index":"index","follow":"follow","max-snippet":"max-snippet:-1","max-image-preview":"max-image-preview:large","max-video-preview":"max-video-preview:-1"},"canonical":"https:\/\/swissoja.ch\/de\/produits\/bio-tofu-mariniert-sweet-sour-200g\/","og_locale":"de_DE","og_type":"article","og_title":"SWISSOJA - Bio Tofu Mariniert Sweet & Sour 200g -","og_description":"Bio Tofu Sweet & Sour aus Schweizer Soja: fein mariniert, pflanzlich, proteinreich und vielseitig. Ideal f\u00fcr Wok, Pfanne oder kalte Gerichte.","og_url":"https:\/\/swissoja.ch\/de\/produits\/bio-tofu-mariniert-sweet-sour-200g\/","og_site_name":"swissoja.ch","article_publisher":"https:\/\/www.facebook.com\/swissoja","article_modified_time":"2026-02-26T14:16:46+00:00","og_image":[{"width":1980,"height":1400,"url":"https:\/\/swissoja.ch\/wp-content\/uploads\/2026\/02\/Swissoja-bio-tofu-suisse-mariniert-sweet-sour-DE.jpg","type":"image\/jpeg"}],"twitter_card":"summary_large_image","twitter_misc":{"Gesch\u00e4tzte Lesezeit":"1\u00a0Minute"},"schema":{"@context":"https:\/\/schema.org","@graph":[{"@type":"WebPage","@id":"https:\/\/swissoja.ch\/de\/produits\/bio-tofu-mariniert-sweet-sour-200g\/","url":"https:\/\/swissoja.ch\/de\/produits\/bio-tofu-mariniert-sweet-sour-200g\/","name":"SWISSOJA - Bio Tofu Mariniert Sweet & Sour 200g -","isPartOf":{"@id":"https:\/\/swissoja.ch\/de\/#website"},"primaryImageOfPage":{"@id":"https:\/\/swissoja.ch\/de\/produits\/bio-tofu-mariniert-sweet-sour-200g\/#primaryimage"},"image":{"@id":"https:\/\/swissoja.ch\/de\/produits\/bio-tofu-mariniert-sweet-sour-200g\/#primaryimage"},"thumbnailUrl":"https:\/\/swissoja.ch\/wp-content\/uploads\/2026\/02\/Swissoja-bio-tofu-suisse-mariniert-sweet-sour-DE.jpg","datePublished":"2026-01-29T12:29:05+00:00","dateModified":"2026-02-26T14:16:46+00:00","description":"Bio Tofu Sweet & Sour aus Schweizer Soja: fein mariniert, pflanzlich, proteinreich und vielseitig. Ideal f\u00fcr Wok, Pfanne oder kalte Gerichte.","breadcrumb":{"@id":"https:\/\/swissoja.ch\/de\/produits\/bio-tofu-mariniert-sweet-sour-200g\/#breadcrumb"},"inLanguage":"de","potentialAction":[{"@type":"ReadAction","target":["https:\/\/swissoja.ch\/de\/produits\/bio-tofu-mariniert-sweet-sour-200g\/"]}]},{"@type":"ImageObject","inLanguage":"de","@id":"https:\/\/swissoja.ch\/de\/produits\/bio-tofu-mariniert-sweet-sour-200g\/#primaryimage","url":"https:\/\/swissoja.ch\/wp-content\/uploads\/2026\/02\/Swissoja-bio-tofu-suisse-mariniert-sweet-sour-DE.jpg","contentUrl":"https:\/\/swissoja.ch\/wp-content\/uploads\/2026\/02\/Swissoja-bio-tofu-suisse-mariniert-sweet-sour-DE.jpg","width":1980,"height":1400},{"@type":"BreadcrumbList","@id":"https:\/\/swissoja.ch\/de\/produits\/bio-tofu-mariniert-sweet-sour-200g\/#breadcrumb","itemListElement":[{"@type":"ListItem","position":1,"name":"Accueil","item":"https:\/\/swissoja.ch\/de\/"},{"@type":"ListItem","position":2,"name":"SHOP","item":"https:\/\/swissoja.ch\/de\/shop\/"},{"@type":"ListItem","position":3,"name":"Bio Tofu Mariniert Sweet &#038; Sour 200g"}]},{"@type":"WebSite","@id":"https:\/\/swissoja.ch\/de\/#website","url":"https:\/\/swissoja.ch\/de\/","name":"swissoja.ch","description":"PREMIUM SOJA FOOD","potentialAction":[{"@type":"SearchAction","target":{"@type":"EntryPoint","urlTemplate":"https:\/\/swissoja.ch\/de\/?s={search_term_string}"},"query-input":{"@type":"PropertyValueSpecification","valueRequired":true,"valueName":"search_term_string"}}],"inLanguage":"de"}]}},"_links":{"self":[{"href":"https:\/\/swissoja.ch\/de\/wp-json\/wp\/v2\/product\/42637","targetHints":{"allow":["GET"]}}],"collection":[{"href":"https:\/\/swissoja.ch\/de\/wp-json\/wp\/v2\/product"}],"about":[{"href":"https:\/\/swissoja.ch\/de\/wp-json\/wp\/v2\/types\/product"}],"wp:featuredmedia":[{"embeddable":true,"href":"https:\/\/swissoja.ch\/de\/wp-json\/wp\/v2\/media\/42757"}],"wp:attachment":[{"href":"https:\/\/swissoja.ch\/de\/wp-json\/wp\/v2\/media?parent=42637"}],"wp:term":[{"taxonomy":"product_brand","embeddable":true,"href":"https:\/\/swissoja.ch\/de\/wp-json\/wp\/v2\/product_brand?post=42637"},{"taxonomy":"product_cat","embeddable":true,"href":"https:\/\/swissoja.ch\/de\/wp-json\/wp\/v2\/product_cat?post=42637"},{"taxonomy":"product_tag","embeddable":true,"href":"https:\/\/swissoja.ch\/de\/wp-json\/wp\/v2\/product_tag?post=42637"}],"curies":[{"name":"wp","href":"https:\/\/api.w.org\/{rel}","templated":true}]}}