{"id":41446,"date":"2022-02-28T23:05:27","date_gmt":"2022-02-28T22:05:27","guid":{"rendered":"https:\/\/swissoja.ch\/produits\/tofu-bio-de-saison-epinard-ail-des-ours\/"},"modified":"2026-02-26T15:04:49","modified_gmt":"2026-02-26T14:04:49","slug":"tofu-bio-de-saison-epinard-ail-des-ours","status":"publish","type":"product","link":"https:\/\/swissoja.ch\/de\/produits\/tofu-bio-de-saison-epinard-ail-des-ours\/","title":{"rendered":"Genfer Bio-Tofu der Saison Spinat &#8211; B\u00e4rlauch 200g"},"content":{"rendered":"<p>Raffiniert, <span style=\"color: #b0bf1e;\"><strong>der saisonale <span style=\"color: #b0bf1e;\">Bio<\/span>-Tofu<\/strong> <strong>Spinat und B\u00e4rlauch<\/strong><\/span> ist in <strong>limitierter Auflage<\/strong> im M\u00e4rz und April erh\u00e4ltlich. Er wird ein hervorragender Verb\u00fcndeter sein, um Ihren Gerichten eine schmackhafte und duftende Note zu verleihen!<\/p>\n","protected":false},"excerpt":{"rendered":"<p>Tofu 91% [Wasser, <span style=\"color: #b0bf1e;\"><strong>Sojabohnen<\/strong><\/span>* (Schweiz), Nigari (JP)], Spinat* 3.5% (CH), B\u00e4rlauch*3% (BG), Meersalz (FR), Knoblauch*.<\/p>\n<p><em>(*) Aus \u00f6kologischem Landbau.<\/em><\/p>\n<p>Mindesthaltbarkeitsdatum (MHD): 28 Tage<\/p>\n[table id=10-tofes-epi-de \/]\n","protected":false},"featured_media":41436,"template":"","meta":[],"product_brand":[],"product_cat":[220,221],"product_tag":[170,145],"class_list":{"0":"post-41446","1":"product","2":"type-product","3":"status-publish","4":"has-post-thumbnail","6":"product_cat-tofus-b2b-de","7":"product_cat-tofus-b2c-de","8":"product_tag-burger-de","9":"product_tag-po-blo-de","11":"first","12":"instock","13":"shipping-taxable","14":"purchasable","15":"product-type-simple"},"yoast_head":"<!-- This site is optimized with the Yoast SEO plugin v27.3 - https:\/\/yoast.com\/product\/yoast-seo-wordpress\/ -->\n<title>SWISSOJA - Genfer Bio-Tofu der Saison Spinat - B\u00e4rlauch 200g<\/title>\n<meta name=\"description\" content=\"Raffiniert, der saisonale Bio-Tofu Spinat und B\u00e4rlauch ist in limitierter Auflage im M\u00e4rz und April erh\u00e4ltlich.\" \/>\n<meta name=\"robots\" content=\"index, follow, max-snippet:-1, max-image-preview:large, max-video-preview:-1\" \/>\n<link rel=\"canonical\" href=\"https:\/\/swissoja.ch\/de\/produits\/tofu-bio-de-saison-epinard-ail-des-ours\/\" \/>\n<meta property=\"og:locale\" content=\"de_DE\" \/>\n<meta property=\"og:type\" content=\"article\" \/>\n<meta property=\"og:title\" content=\"SWISSOJA - Genfer Bio-Tofu der Saison Spinat - B\u00e4rlauch 200g\" \/>\n<meta property=\"og:description\" content=\"Raffiniert, der saisonale Bio-Tofu Spinat und B\u00e4rlauch ist in limitierter Auflage im M\u00e4rz und April erh\u00e4ltlich.\" \/>\n<meta property=\"og:url\" content=\"https:\/\/swissoja.ch\/de\/produits\/tofu-bio-de-saison-epinard-ail-des-ours\/\" \/>\n<meta property=\"og:site_name\" content=\"swissoja.ch\" \/>\n<meta property=\"article:publisher\" content=\"https:\/\/www.facebook.com\/swissoja\" \/>\n<meta property=\"article:modified_time\" content=\"2026-02-26T14:04:49+00:00\" \/>\n<meta property=\"og:image\" content=\"https:\/\/swissoja.ch\/wp-content\/uploads\/2025\/02\/swissoja-tofu-bio-suisse-saison-epinard-ail-des-ours-en.jpg\" \/>\n\t<meta property=\"og:image:width\" content=\"300\" \/>\n\t<meta property=\"og:image:height\" content=\"212\" \/>\n\t<meta property=\"og:image:type\" content=\"image\/jpeg\" \/>\n<meta name=\"twitter:card\" content=\"summary_large_image\" \/>\n<meta name=\"twitter:label1\" content=\"Gesch\u00e4tzte Lesezeit\" \/>\n\t<meta name=\"twitter:data1\" content=\"1\u00a0Minute\" \/>\n<script type=\"application\/ld+json\" class=\"yoast-schema-graph\">{\"@context\":\"https:\\\/\\\/schema.org\",\"@graph\":[{\"@type\":\"WebPage\",\"@id\":\"https:\\\/\\\/swissoja.ch\\\/de\\\/produits\\\/tofu-bio-de-saison-epinard-ail-des-ours\\\/\",\"url\":\"https:\\\/\\\/swissoja.ch\\\/de\\\/produits\\\/tofu-bio-de-saison-epinard-ail-des-ours\\\/\",\"name\":\"SWISSOJA - Genfer Bio-Tofu der Saison Spinat - B\u00e4rlauch 200g\",\"isPartOf\":{\"@id\":\"https:\\\/\\\/swissoja.ch\\\/de\\\/#website\"},\"primaryImageOfPage\":{\"@id\":\"https:\\\/\\\/swissoja.ch\\\/de\\\/produits\\\/tofu-bio-de-saison-epinard-ail-des-ours\\\/#primaryimage\"},\"image\":{\"@id\":\"https:\\\/\\\/swissoja.ch\\\/de\\\/produits\\\/tofu-bio-de-saison-epinard-ail-des-ours\\\/#primaryimage\"},\"thumbnailUrl\":\"https:\\\/\\\/swissoja.ch\\\/wp-content\\\/uploads\\\/2025\\\/02\\\/swissoja-tofu-bio-suisse-saison-epinard-ail-des-ours-en.jpg\",\"datePublished\":\"2022-02-28T22:05:27+00:00\",\"dateModified\":\"2026-02-26T14:04:49+00:00\",\"description\":\"Raffiniert, der saisonale Bio-Tofu Spinat und B\u00e4rlauch ist in limitierter Auflage im M\u00e4rz und April erh\u00e4ltlich.\",\"breadcrumb\":{\"@id\":\"https:\\\/\\\/swissoja.ch\\\/de\\\/produits\\\/tofu-bio-de-saison-epinard-ail-des-ours\\\/#breadcrumb\"},\"inLanguage\":\"de\",\"potentialAction\":[{\"@type\":\"ReadAction\",\"target\":[\"https:\\\/\\\/swissoja.ch\\\/de\\\/produits\\\/tofu-bio-de-saison-epinard-ail-des-ours\\\/\"]}]},{\"@type\":\"ImageObject\",\"inLanguage\":\"de\",\"@id\":\"https:\\\/\\\/swissoja.ch\\\/de\\\/produits\\\/tofu-bio-de-saison-epinard-ail-des-ours\\\/#primaryimage\",\"url\":\"https:\\\/\\\/swissoja.ch\\\/wp-content\\\/uploads\\\/2025\\\/02\\\/swissoja-tofu-bio-suisse-saison-epinard-ail-des-ours-en.jpg\",\"contentUrl\":\"https:\\\/\\\/swissoja.ch\\\/wp-content\\\/uploads\\\/2025\\\/02\\\/swissoja-tofu-bio-suisse-saison-epinard-ail-des-ours-en.jpg\",\"width\":300,\"height\":212},{\"@type\":\"BreadcrumbList\",\"@id\":\"https:\\\/\\\/swissoja.ch\\\/de\\\/produits\\\/tofu-bio-de-saison-epinard-ail-des-ours\\\/#breadcrumb\",\"itemListElement\":[{\"@type\":\"ListItem\",\"position\":1,\"name\":\"Accueil\",\"item\":\"https:\\\/\\\/swissoja.ch\\\/de\\\/\"},{\"@type\":\"ListItem\",\"position\":2,\"name\":\"SHOP\",\"item\":\"https:\\\/\\\/swissoja.ch\\\/de\\\/shop\\\/\"},{\"@type\":\"ListItem\",\"position\":3,\"name\":\"Genfer Bio-Tofu der Saison Spinat &#8211; B\u00e4rlauch 200g\"}]},{\"@type\":\"WebSite\",\"@id\":\"https:\\\/\\\/swissoja.ch\\\/de\\\/#website\",\"url\":\"https:\\\/\\\/swissoja.ch\\\/de\\\/\",\"name\":\"swissoja.ch\",\"description\":\"PREMIUM SOJA FOOD\",\"potentialAction\":[{\"@type\":\"SearchAction\",\"target\":{\"@type\":\"EntryPoint\",\"urlTemplate\":\"https:\\\/\\\/swissoja.ch\\\/de\\\/?s={search_term_string}\"},\"query-input\":{\"@type\":\"PropertyValueSpecification\",\"valueRequired\":true,\"valueName\":\"search_term_string\"}}],\"inLanguage\":\"de\"}]}<\/script>\n<!-- \/ Yoast SEO plugin. -->","yoast_head_json":{"title":"SWISSOJA - Genfer Bio-Tofu der Saison Spinat - B\u00e4rlauch 200g","description":"Raffiniert, der saisonale Bio-Tofu Spinat und B\u00e4rlauch ist in limitierter Auflage im M\u00e4rz und April erh\u00e4ltlich.","robots":{"index":"index","follow":"follow","max-snippet":"max-snippet:-1","max-image-preview":"max-image-preview:large","max-video-preview":"max-video-preview:-1"},"canonical":"https:\/\/swissoja.ch\/de\/produits\/tofu-bio-de-saison-epinard-ail-des-ours\/","og_locale":"de_DE","og_type":"article","og_title":"SWISSOJA - Genfer Bio-Tofu der Saison Spinat - B\u00e4rlauch 200g","og_description":"Raffiniert, der saisonale Bio-Tofu Spinat und B\u00e4rlauch ist in limitierter Auflage im M\u00e4rz und April erh\u00e4ltlich.","og_url":"https:\/\/swissoja.ch\/de\/produits\/tofu-bio-de-saison-epinard-ail-des-ours\/","og_site_name":"swissoja.ch","article_publisher":"https:\/\/www.facebook.com\/swissoja","article_modified_time":"2026-02-26T14:04:49+00:00","og_image":[{"width":300,"height":212,"url":"https:\/\/swissoja.ch\/wp-content\/uploads\/2025\/02\/swissoja-tofu-bio-suisse-saison-epinard-ail-des-ours-en.jpg","type":"image\/jpeg"}],"twitter_card":"summary_large_image","twitter_misc":{"Gesch\u00e4tzte Lesezeit":"1\u00a0Minute"},"schema":{"@context":"https:\/\/schema.org","@graph":[{"@type":"WebPage","@id":"https:\/\/swissoja.ch\/de\/produits\/tofu-bio-de-saison-epinard-ail-des-ours\/","url":"https:\/\/swissoja.ch\/de\/produits\/tofu-bio-de-saison-epinard-ail-des-ours\/","name":"SWISSOJA - Genfer Bio-Tofu der Saison Spinat - B\u00e4rlauch 200g","isPartOf":{"@id":"https:\/\/swissoja.ch\/de\/#website"},"primaryImageOfPage":{"@id":"https:\/\/swissoja.ch\/de\/produits\/tofu-bio-de-saison-epinard-ail-des-ours\/#primaryimage"},"image":{"@id":"https:\/\/swissoja.ch\/de\/produits\/tofu-bio-de-saison-epinard-ail-des-ours\/#primaryimage"},"thumbnailUrl":"https:\/\/swissoja.ch\/wp-content\/uploads\/2025\/02\/swissoja-tofu-bio-suisse-saison-epinard-ail-des-ours-en.jpg","datePublished":"2022-02-28T22:05:27+00:00","dateModified":"2026-02-26T14:04:49+00:00","description":"Raffiniert, der saisonale Bio-Tofu Spinat und B\u00e4rlauch ist in limitierter Auflage im M\u00e4rz und April erh\u00e4ltlich.","breadcrumb":{"@id":"https:\/\/swissoja.ch\/de\/produits\/tofu-bio-de-saison-epinard-ail-des-ours\/#breadcrumb"},"inLanguage":"de","potentialAction":[{"@type":"ReadAction","target":["https:\/\/swissoja.ch\/de\/produits\/tofu-bio-de-saison-epinard-ail-des-ours\/"]}]},{"@type":"ImageObject","inLanguage":"de","@id":"https:\/\/swissoja.ch\/de\/produits\/tofu-bio-de-saison-epinard-ail-des-ours\/#primaryimage","url":"https:\/\/swissoja.ch\/wp-content\/uploads\/2025\/02\/swissoja-tofu-bio-suisse-saison-epinard-ail-des-ours-en.jpg","contentUrl":"https:\/\/swissoja.ch\/wp-content\/uploads\/2025\/02\/swissoja-tofu-bio-suisse-saison-epinard-ail-des-ours-en.jpg","width":300,"height":212},{"@type":"BreadcrumbList","@id":"https:\/\/swissoja.ch\/de\/produits\/tofu-bio-de-saison-epinard-ail-des-ours\/#breadcrumb","itemListElement":[{"@type":"ListItem","position":1,"name":"Accueil","item":"https:\/\/swissoja.ch\/de\/"},{"@type":"ListItem","position":2,"name":"SHOP","item":"https:\/\/swissoja.ch\/de\/shop\/"},{"@type":"ListItem","position":3,"name":"Genfer Bio-Tofu der Saison Spinat &#8211; B\u00e4rlauch 200g"}]},{"@type":"WebSite","@id":"https:\/\/swissoja.ch\/de\/#website","url":"https:\/\/swissoja.ch\/de\/","name":"swissoja.ch","description":"PREMIUM SOJA FOOD","potentialAction":[{"@type":"SearchAction","target":{"@type":"EntryPoint","urlTemplate":"https:\/\/swissoja.ch\/de\/?s={search_term_string}"},"query-input":{"@type":"PropertyValueSpecification","valueRequired":true,"valueName":"search_term_string"}}],"inLanguage":"de"}]}},"_links":{"self":[{"href":"https:\/\/swissoja.ch\/de\/wp-json\/wp\/v2\/product\/41446","targetHints":{"allow":["GET"]}}],"collection":[{"href":"https:\/\/swissoja.ch\/de\/wp-json\/wp\/v2\/product"}],"about":[{"href":"https:\/\/swissoja.ch\/de\/wp-json\/wp\/v2\/types\/product"}],"wp:featuredmedia":[{"embeddable":true,"href":"https:\/\/swissoja.ch\/de\/wp-json\/wp\/v2\/media\/41436"}],"wp:attachment":[{"href":"https:\/\/swissoja.ch\/de\/wp-json\/wp\/v2\/media?parent=41446"}],"wp:term":[{"taxonomy":"product_brand","embeddable":true,"href":"https:\/\/swissoja.ch\/de\/wp-json\/wp\/v2\/product_brand?post=41446"},{"taxonomy":"product_cat","embeddable":true,"href":"https:\/\/swissoja.ch\/de\/wp-json\/wp\/v2\/product_cat?post=41446"},{"taxonomy":"product_tag","embeddable":true,"href":"https:\/\/swissoja.ch\/de\/wp-json\/wp\/v2\/product_tag?post=41446"}],"curies":[{"name":"wp","href":"https:\/\/api.w.org\/{rel}","templated":true}]}}