{"id":32181,"date":"2021-10-27T10:39:26","date_gmt":"2022-04-25T14:53:35","guid":{"rendered":"https:\/\/swissoja.ch\/produit\/bio-sojadrink-1-liter\/"},"modified":"2025-01-16T14:43:39","modified_gmt":"2025-01-16T13:43:39","slug":"bio-sojadrink","status":"publish","type":"product","link":"https:\/\/swissoja.ch\/de\/produits\/bio-sojadrink\/","title":{"rendered":"Genfer Bio-Sojadrink"},"content":{"rendered":"<p>Unser <span style=\"color: #b0bf1e;\"><strong>Bio-Sojadrink<\/strong><\/span> wird aus Sojabohnen hergestellt und ist ein ideales Getr\u00e4nk f\u00fcr Menschen, die laktoseintolerant sind oder sich vegan ern\u00e4hren m\u00f6chten. Der Sojadrink ist reich an Proteinen und wird pasteurisiert (nicht sterilisiert). Dadurch ist dieses Getr\u00e4nk extrem frisch und &#8211; Sie werden es vermutet haben &#8230; im K\u00fchlregal erh\u00e4ltlich!<\/p>\n<p>Er schmeckt sowohl warm als auch kalt zu jeder Tageszeit.<\/p>\n<p>Die Swissoja-Flasche wird aus Bio-PE auf Zuckerrohrbasis hergestellt, einem Material, <strong>das zu 100 % biobasiert und zu 100 % recycelbar ist.<\/strong><\/p>\n<p>&nbsp;<\/p>\n<p>Unser <strong>Bio-Sojadrink,<\/strong> der \u00fcbrigens Ende 2020 die Auszeichnung Bio Gourmet f\u00fcr seine hervorragenden geschmacklichen Eigenschaften erhalten hat!<\/p>\n<p>&nbsp;<\/p>\n<p>&nbsp;<\/p>\n","protected":false},"excerpt":{"rendered":"<p>Wasser, <span style=\"color: #b0bf1e;\"><b>Sojabohnen<\/b><\/span>* (Genf) <em>(*)Aus Bio-Produktion<\/em><\/p>\n[table id=\"60-sojadri-de\" \/]\n<p>&nbsp;<\/p>\n","protected":false},"featured_media":37789,"template":"","meta":[],"product_brand":[],"product_cat":[226,227],"product_tag":[130],"class_list":{"0":"post-32181","1":"product","2":"type-product","3":"status-publish","4":"has-post-thumbnail","6":"product_cat-soja-drink-b2b-de","7":"product_cat-soja-drink-b2c-de","8":"product_tag-sojadrink-de","10":"first","11":"instock","12":"shipping-taxable","13":"purchasable","14":"product-type-simple"},"yoast_head":"<!-- This site is optimized with the Yoast SEO plugin v27.6 - https:\/\/yoast.com\/product\/yoast-seo-wordpress\/ -->\n<title>SWISSOJA - Genfer Bio-Sojadrink<\/title>\n<meta name=\"description\" content=\"Swissoja Bio-Sojadrink wird aus Sojabohnen hergestellt und ist ein ideales Getr\u00e4nk f\u00fcr Menschen, die laktoseintolerant sind oder sich vegan ern\u00e4hren m\u00f6chten.\" \/>\n<meta name=\"robots\" content=\"index, follow, max-snippet:-1, max-image-preview:large, max-video-preview:-1\" \/>\n<link rel=\"canonical\" href=\"https:\/\/swissoja.ch\/de\/produits\/bio-sojadrink\/\" \/>\n<meta property=\"og:locale\" content=\"de_DE\" \/>\n<meta property=\"og:type\" content=\"article\" \/>\n<meta property=\"og:title\" content=\"SWISSOJA - Genfer Bio-Sojadrink\" \/>\n<meta property=\"og:description\" content=\"Swissoja Bio-Sojadrink wird aus Sojabohnen hergestellt und ist ein ideales Getr\u00e4nk f\u00fcr Menschen, die laktoseintolerant sind oder sich vegan ern\u00e4hren m\u00f6chten.\" \/>\n<meta property=\"og:url\" content=\"https:\/\/swissoja.ch\/de\/produits\/bio-sojadrink\/\" \/>\n<meta property=\"og:site_name\" content=\"swissoja.ch\" \/>\n<meta property=\"article:publisher\" content=\"https:\/\/www.facebook.com\/swissoja\" \/>\n<meta property=\"article:modified_time\" content=\"2025-01-16T13:43:39+00:00\" \/>\n<meta property=\"og:image\" content=\"https:\/\/swissoja.ch\/wp-content\/uploads\/2024\/03\/swissoja-soja-drink-bio-1-litre.webp\" \/>\n\t<meta property=\"og:image:width\" content=\"800\" \/>\n\t<meta property=\"og:image:height\" content=\"566\" \/>\n\t<meta property=\"og:image:type\" content=\"image\/webp\" \/>\n<meta name=\"twitter:card\" content=\"summary_large_image\" \/>\n<meta name=\"twitter:label1\" content=\"Gesch\u00e4tzte Lesezeit\" \/>\n\t<meta name=\"twitter:data1\" content=\"1\u00a0Minute\" \/>\n<script type=\"application\/ld+json\" class=\"yoast-schema-graph\">{\"@context\":\"https:\\\/\\\/schema.org\",\"@graph\":[{\"@type\":\"WebPage\",\"@id\":\"https:\\\/\\\/swissoja.ch\\\/de\\\/produits\\\/bio-sojadrink\\\/\",\"url\":\"https:\\\/\\\/swissoja.ch\\\/de\\\/produits\\\/bio-sojadrink\\\/\",\"name\":\"SWISSOJA - Genfer Bio-Sojadrink\",\"isPartOf\":{\"@id\":\"https:\\\/\\\/swissoja.ch\\\/de\\\/#website\"},\"primaryImageOfPage\":{\"@id\":\"https:\\\/\\\/swissoja.ch\\\/de\\\/produits\\\/bio-sojadrink\\\/#primaryimage\"},\"image\":{\"@id\":\"https:\\\/\\\/swissoja.ch\\\/de\\\/produits\\\/bio-sojadrink\\\/#primaryimage\"},\"thumbnailUrl\":\"https:\\\/\\\/swissoja.ch\\\/wp-content\\\/uploads\\\/2024\\\/03\\\/swissoja-soja-drink-bio-1-litre.webp\",\"datePublished\":\"2022-04-25T14:53:35+00:00\",\"dateModified\":\"2025-01-16T13:43:39+00:00\",\"description\":\"Swissoja Bio-Sojadrink wird aus Sojabohnen hergestellt und ist ein ideales Getr\u00e4nk f\u00fcr Menschen, die laktoseintolerant sind oder sich vegan ern\u00e4hren m\u00f6chten.\",\"breadcrumb\":{\"@id\":\"https:\\\/\\\/swissoja.ch\\\/de\\\/produits\\\/bio-sojadrink\\\/#breadcrumb\"},\"inLanguage\":\"de\",\"potentialAction\":[{\"@type\":\"ReadAction\",\"target\":[\"https:\\\/\\\/swissoja.ch\\\/de\\\/produits\\\/bio-sojadrink\\\/\"]}]},{\"@type\":\"ImageObject\",\"inLanguage\":\"de\",\"@id\":\"https:\\\/\\\/swissoja.ch\\\/de\\\/produits\\\/bio-sojadrink\\\/#primaryimage\",\"url\":\"https:\\\/\\\/swissoja.ch\\\/wp-content\\\/uploads\\\/2024\\\/03\\\/swissoja-soja-drink-bio-1-litre.webp\",\"contentUrl\":\"https:\\\/\\\/swissoja.ch\\\/wp-content\\\/uploads\\\/2024\\\/03\\\/swissoja-soja-drink-bio-1-litre.webp\",\"width\":800,\"height\":566,\"caption\":\"Soja Drink Bio (lait de soja) est une boisson v\u00e9g\u00e9tale id\u00e9ale pour les intol\u00e9rants au lactose\"},{\"@type\":\"BreadcrumbList\",\"@id\":\"https:\\\/\\\/swissoja.ch\\\/de\\\/produits\\\/bio-sojadrink\\\/#breadcrumb\",\"itemListElement\":[{\"@type\":\"ListItem\",\"position\":1,\"name\":\"Accueil\",\"item\":\"https:\\\/\\\/swissoja.ch\\\/de\\\/\"},{\"@type\":\"ListItem\",\"position\":2,\"name\":\"SHOP\",\"item\":\"https:\\\/\\\/swissoja.ch\\\/de\\\/shop\\\/\"},{\"@type\":\"ListItem\",\"position\":3,\"name\":\"Genfer Bio-Sojadrink\"}]},{\"@type\":\"WebSite\",\"@id\":\"https:\\\/\\\/swissoja.ch\\\/de\\\/#website\",\"url\":\"https:\\\/\\\/swissoja.ch\\\/de\\\/\",\"name\":\"swissoja.ch\",\"description\":\"PREMIUM SOJA FOOD\",\"potentialAction\":[{\"@type\":\"SearchAction\",\"target\":{\"@type\":\"EntryPoint\",\"urlTemplate\":\"https:\\\/\\\/swissoja.ch\\\/de\\\/?s={search_term_string}\"},\"query-input\":{\"@type\":\"PropertyValueSpecification\",\"valueRequired\":true,\"valueName\":\"search_term_string\"}}],\"inLanguage\":\"de\"}]}<\/script>\n<!-- \/ Yoast SEO plugin. -->","yoast_head_json":{"title":"SWISSOJA - Genfer Bio-Sojadrink","description":"Swissoja Bio-Sojadrink wird aus Sojabohnen hergestellt und ist ein ideales Getr\u00e4nk f\u00fcr Menschen, die laktoseintolerant sind oder sich vegan ern\u00e4hren m\u00f6chten.","robots":{"index":"index","follow":"follow","max-snippet":"max-snippet:-1","max-image-preview":"max-image-preview:large","max-video-preview":"max-video-preview:-1"},"canonical":"https:\/\/swissoja.ch\/de\/produits\/bio-sojadrink\/","og_locale":"de_DE","og_type":"article","og_title":"SWISSOJA - Genfer Bio-Sojadrink","og_description":"Swissoja Bio-Sojadrink wird aus Sojabohnen hergestellt und ist ein ideales Getr\u00e4nk f\u00fcr Menschen, die laktoseintolerant sind oder sich vegan ern\u00e4hren m\u00f6chten.","og_url":"https:\/\/swissoja.ch\/de\/produits\/bio-sojadrink\/","og_site_name":"swissoja.ch","article_publisher":"https:\/\/www.facebook.com\/swissoja","article_modified_time":"2025-01-16T13:43:39+00:00","og_image":[{"width":800,"height":566,"url":"https:\/\/swissoja.ch\/wp-content\/uploads\/2024\/03\/swissoja-soja-drink-bio-1-litre.webp","type":"image\/webp"}],"twitter_card":"summary_large_image","twitter_misc":{"Gesch\u00e4tzte Lesezeit":"1\u00a0Minute"},"schema":{"@context":"https:\/\/schema.org","@graph":[{"@type":"WebPage","@id":"https:\/\/swissoja.ch\/de\/produits\/bio-sojadrink\/","url":"https:\/\/swissoja.ch\/de\/produits\/bio-sojadrink\/","name":"SWISSOJA - Genfer Bio-Sojadrink","isPartOf":{"@id":"https:\/\/swissoja.ch\/de\/#website"},"primaryImageOfPage":{"@id":"https:\/\/swissoja.ch\/de\/produits\/bio-sojadrink\/#primaryimage"},"image":{"@id":"https:\/\/swissoja.ch\/de\/produits\/bio-sojadrink\/#primaryimage"},"thumbnailUrl":"https:\/\/swissoja.ch\/wp-content\/uploads\/2024\/03\/swissoja-soja-drink-bio-1-litre.webp","datePublished":"2022-04-25T14:53:35+00:00","dateModified":"2025-01-16T13:43:39+00:00","description":"Swissoja Bio-Sojadrink wird aus Sojabohnen hergestellt und ist ein ideales Getr\u00e4nk f\u00fcr Menschen, die laktoseintolerant sind oder sich vegan ern\u00e4hren m\u00f6chten.","breadcrumb":{"@id":"https:\/\/swissoja.ch\/de\/produits\/bio-sojadrink\/#breadcrumb"},"inLanguage":"de","potentialAction":[{"@type":"ReadAction","target":["https:\/\/swissoja.ch\/de\/produits\/bio-sojadrink\/"]}]},{"@type":"ImageObject","inLanguage":"de","@id":"https:\/\/swissoja.ch\/de\/produits\/bio-sojadrink\/#primaryimage","url":"https:\/\/swissoja.ch\/wp-content\/uploads\/2024\/03\/swissoja-soja-drink-bio-1-litre.webp","contentUrl":"https:\/\/swissoja.ch\/wp-content\/uploads\/2024\/03\/swissoja-soja-drink-bio-1-litre.webp","width":800,"height":566,"caption":"Soja Drink Bio (lait de soja) est une boisson v\u00e9g\u00e9tale id\u00e9ale pour les intol\u00e9rants au lactose"},{"@type":"BreadcrumbList","@id":"https:\/\/swissoja.ch\/de\/produits\/bio-sojadrink\/#breadcrumb","itemListElement":[{"@type":"ListItem","position":1,"name":"Accueil","item":"https:\/\/swissoja.ch\/de\/"},{"@type":"ListItem","position":2,"name":"SHOP","item":"https:\/\/swissoja.ch\/de\/shop\/"},{"@type":"ListItem","position":3,"name":"Genfer Bio-Sojadrink"}]},{"@type":"WebSite","@id":"https:\/\/swissoja.ch\/de\/#website","url":"https:\/\/swissoja.ch\/de\/","name":"swissoja.ch","description":"PREMIUM SOJA FOOD","potentialAction":[{"@type":"SearchAction","target":{"@type":"EntryPoint","urlTemplate":"https:\/\/swissoja.ch\/de\/?s={search_term_string}"},"query-input":{"@type":"PropertyValueSpecification","valueRequired":true,"valueName":"search_term_string"}}],"inLanguage":"de"}]}},"_links":{"self":[{"href":"https:\/\/swissoja.ch\/de\/wp-json\/wp\/v2\/product\/32181","targetHints":{"allow":["GET"]}}],"collection":[{"href":"https:\/\/swissoja.ch\/de\/wp-json\/wp\/v2\/product"}],"about":[{"href":"https:\/\/swissoja.ch\/de\/wp-json\/wp\/v2\/types\/product"}],"wp:featuredmedia":[{"embeddable":true,"href":"https:\/\/swissoja.ch\/de\/wp-json\/wp\/v2\/media\/37789"}],"wp:attachment":[{"href":"https:\/\/swissoja.ch\/de\/wp-json\/wp\/v2\/media?parent=32181"}],"wp:term":[{"taxonomy":"product_brand","embeddable":true,"href":"https:\/\/swissoja.ch\/de\/wp-json\/wp\/v2\/product_brand?post=32181"},{"taxonomy":"product_cat","embeddable":true,"href":"https:\/\/swissoja.ch\/de\/wp-json\/wp\/v2\/product_cat?post=32181"},{"taxonomy":"product_tag","embeddable":true,"href":"https:\/\/swissoja.ch\/de\/wp-json\/wp\/v2\/product_tag?post=32181"}],"curies":[{"name":"wp","href":"https:\/\/api.w.org\/{rel}","templated":true}]}}