{"id":30861,"date":"2024-01-01T08:00:17","date_gmt":"2024-01-01T07:00:17","guid":{"rendered":"https:\/\/swissoja.ch\/?post_type=product&#038;p=30861"},"modified":"2025-01-03T08:42:39","modified_gmt":"2025-01-03T07:42:39","slug":"tofu-bio-burger-de-saison-poivre-piment","status":"publish","type":"product","link":"https:\/\/swissoja.ch\/de\/produits\/tofu-bio-burger-de-saison-poivre-piment\/","title":{"rendered":"Tofuburger Bio de saison Poivre &#8211; Piment"},"content":{"rendered":"<p>Les steaks, burgers, boulettes et autres produits r\u00e9alis\u00e9s \u00e0 base de prot\u00e9ines v\u00e9g\u00e9tales ont actuellement beaucoup de succ\u00e8s\u00a0!<\/p>\n<p>Dans notre gamme de produits pr\u00eats \u00e0 cuisiner, vous trouverez des produits uniquement formul\u00e9s \u00e0 partir de f\u00e8ves de soja cultiv\u00e9es en Suisse, 100% BIO et aromatis\u00e9s avec des ingr\u00e9dients simples et bons.<\/p>\n<p>Notre \u00e9quipe de d\u00e9veloppement travaille dur pour vous proposer les meilleures recettes sans additifs, conservateurs, exhausteurs de go\u00fbt ou colorants artificiels\u00a0!\u00a0<strong>Tous nos burgers sont \u00e9galement 100% v\u00e9ganes.<\/strong><\/p>\n<p><strong>Notre burger de saison pour janvier &#8211; f\u00e9vrier est au poivre et au piment, \u00e9pic\u00e9 et d\u00e9licieux.<\/strong><\/p>\n\n<table id=\"tablepress-39-pac-poi-fr\" class=\"tablepress tablepress-id-39-pac-poi-fr\">\n<thead>\n<tr class=\"row-1\">\n\t<th colspan=\"2\" class=\"column-1\">Valeurs nutritives (pour 100 g)<br \/>\nTOFUBURGER Bio Poivre et Piment<\/th>\n<\/tr>\n<\/thead>\n<tbody class=\"row-striping\">\n<tr class=\"row-2\">\n\t<td class=\"column-1\">Valeur \u00e9nerg\u00e9tique<\/td><td class=\"column-2\">593 kj \/ 142 kcal<\/td>\n<\/tr>\n<tr class=\"row-3\">\n\t<td class=\"column-1\">Mati\u00e8res grasses<\/td><td class=\"column-2\">8,2<\/td>\n<\/tr>\n<tr class=\"row-4\">\n\t<td class=\"column-1\">dont acides gras satur\u00e9s<\/td><td class=\"column-2\">1,4<\/td>\n<\/tr>\n<tr class=\"row-5\">\n\t<td class=\"column-1\">Glucides<\/td><td class=\"column-2\">4,0<\/td>\n<\/tr>\n<tr class=\"row-6\">\n\t<td class=\"column-1\">dont sucres<\/td><td class=\"column-2\">< 0,5<\/td>\n<\/tr>\n<tr class=\"row-7\">\n\t<td class=\"column-1\">Prot\u00e9ines<\/td><td class=\"column-2\">13<\/td>\n<\/tr>\n<tr class=\"row-8\">\n\t<td class=\"column-1\">Sel<\/td><td class=\"column-2\">0,85<\/td>\n<\/tr>\n<\/tbody>\n<\/table>\n<!-- #tablepress-39-pac-poi-fr from cache -->\n","protected":false},"excerpt":{"rendered":"<p>Tofu 87% [Eau, f\u00e8ves de <span style=\"color: #b0bf1e;\"><strong>soja<\/strong><\/span>* (Suisse), nigari (JP)], okara de <span style=\"color: #b0bf1e;\"><strong>soja<\/strong><\/span>* (CH), pomme* (CH), poudre de tomate* (DE), sel marin (FR), f\u00e9cule de ma\u00efs* (AT), \u00e9pices* (poivre, piment) 0.7%, huile d\u2019olive* (IT), paprika* (ES), ail* (EG)<\/p>\n<p><em>(*) Issu de l&#8217;agriculture biologique.<\/em><\/p>\n","protected":false},"featured_media":35219,"template":"","meta":[],"product_brand":[],"product_cat":[210],"product_tag":[86,89,88],"class_list":{"0":"post-30861","1":"product","2":"type-product","3":"status-publish","4":"has-post-thumbnail","6":"product_cat-pac-b2b","7":"product_tag-pac-10x130g","8":"product_tag-pac-10x80g","9":"product_tag-pac-2x100g","11":"first","12":"instock","13":"shipping-taxable","14":"product-type-simple"},"yoast_head":"<!-- This site is optimized with the Yoast SEO plugin v26.8 - https:\/\/yoast.com\/product\/yoast-seo-wordpress\/ -->\n<title>SWISSOJA - Tofu Bio Burger de Saison : Poivre et Piment<\/title>\n<meta name=\"description\" content=\"Notre Tofu Bio Burger de saison poivre-piment est produit \u00e0 base de soja suisse est 100% vegan. Sans additifs ou colorants.\" \/>\n<meta name=\"robots\" content=\"index, follow, max-snippet:-1, max-image-preview:large, max-video-preview:-1\" \/>\n<link rel=\"canonical\" href=\"https:\/\/swissoja.ch\/de\/produits\/tofu-bio-burger-de-saison-poivre-piment\/\" \/>\n<meta property=\"og:locale\" content=\"de_DE\" \/>\n<meta property=\"og:type\" content=\"article\" \/>\n<meta property=\"og:title\" content=\"SWISSOJA - Tofu Bio Burger de Saison : Poivre et Piment\" \/>\n<meta property=\"og:description\" content=\"Notre Tofu Bio Burger de saison poivre-piment est produit \u00e0 base de soja suisse est 100% vegan. Sans additifs ou colorants.\" \/>\n<meta property=\"og:url\" content=\"https:\/\/swissoja.ch\/de\/produits\/tofu-bio-burger-de-saison-poivre-piment\/\" \/>\n<meta property=\"og:site_name\" content=\"swissoja.ch\" \/>\n<meta property=\"article:publisher\" content=\"https:\/\/www.facebook.com\/swissoja\" \/>\n<meta property=\"article:modified_time\" content=\"2025-01-03T07:42:39+00:00\" \/>\n<meta property=\"og:image\" content=\"https:\/\/swissoja.ch\/wp-content\/uploads\/2022\/02\/poivre-piment-burger-FR.jpg\" \/>\n\t<meta property=\"og:image:width\" content=\"1980\" \/>\n\t<meta property=\"og:image:height\" content=\"1400\" \/>\n\t<meta property=\"og:image:type\" content=\"image\/jpeg\" \/>\n<meta name=\"twitter:card\" content=\"summary_large_image\" \/>\n<meta name=\"twitter:label1\" content=\"Gesch\u00e4tzte Lesezeit\" \/>\n\t<meta name=\"twitter:data1\" content=\"1\u00a0Minute\" \/>\n<script type=\"application\/ld+json\" class=\"yoast-schema-graph\">{\"@context\":\"https:\/\/schema.org\",\"@graph\":[{\"@type\":\"WebPage\",\"@id\":\"https:\/\/swissoja.ch\/de\/produits\/tofu-bio-burger-de-saison-poivre-piment\/\",\"url\":\"https:\/\/swissoja.ch\/de\/produits\/tofu-bio-burger-de-saison-poivre-piment\/\",\"name\":\"SWISSOJA - Tofu Bio Burger de Saison : Poivre et Piment\",\"isPartOf\":{\"@id\":\"https:\/\/swissoja.ch\/de\/#website\"},\"primaryImageOfPage\":{\"@id\":\"https:\/\/swissoja.ch\/de\/produits\/tofu-bio-burger-de-saison-poivre-piment\/#primaryimage\"},\"image\":{\"@id\":\"https:\/\/swissoja.ch\/de\/produits\/tofu-bio-burger-de-saison-poivre-piment\/#primaryimage\"},\"thumbnailUrl\":\"https:\/\/swissoja.ch\/wp-content\/uploads\/2022\/02\/poivre-piment-burger-FR.jpg\",\"datePublished\":\"2024-01-01T07:00:17+00:00\",\"dateModified\":\"2025-01-03T07:42:39+00:00\",\"description\":\"Notre Tofu Bio Burger de saison poivre-piment est produit \u00e0 base de soja suisse est 100% vegan. Sans additifs ou colorants.\",\"breadcrumb\":{\"@id\":\"https:\/\/swissoja.ch\/de\/produits\/tofu-bio-burger-de-saison-poivre-piment\/#breadcrumb\"},\"inLanguage\":\"de\",\"potentialAction\":[{\"@type\":\"ReadAction\",\"target\":[\"https:\/\/swissoja.ch\/de\/produits\/tofu-bio-burger-de-saison-poivre-piment\/\"]}]},{\"@type\":\"ImageObject\",\"inLanguage\":\"de\",\"@id\":\"https:\/\/swissoja.ch\/de\/produits\/tofu-bio-burger-de-saison-poivre-piment\/#primaryimage\",\"url\":\"https:\/\/swissoja.ch\/wp-content\/uploads\/2022\/02\/poivre-piment-burger-FR.jpg\",\"contentUrl\":\"https:\/\/swissoja.ch\/wp-content\/uploads\/2022\/02\/poivre-piment-burger-FR.jpg\",\"width\":1980,\"height\":1400},{\"@type\":\"BreadcrumbList\",\"@id\":\"https:\/\/swissoja.ch\/de\/produits\/tofu-bio-burger-de-saison-poivre-piment\/#breadcrumb\",\"itemListElement\":[{\"@type\":\"ListItem\",\"position\":1,\"name\":\"Accueil\",\"item\":\"https:\/\/swissoja.ch\/de\/\"},{\"@type\":\"ListItem\",\"position\":2,\"name\":\"SHOP\",\"item\":\"https:\/\/swissoja.ch\/de\/shop\/\"},{\"@type\":\"ListItem\",\"position\":3,\"name\":\"Tofuburger Bio de saison Poivre &#8211; Piment\"}]},{\"@type\":\"WebSite\",\"@id\":\"https:\/\/swissoja.ch\/de\/#website\",\"url\":\"https:\/\/swissoja.ch\/de\/\",\"name\":\"swissoja.ch\",\"description\":\"PREMIUM SOJA FOOD\",\"potentialAction\":[{\"@type\":\"SearchAction\",\"target\":{\"@type\":\"EntryPoint\",\"urlTemplate\":\"https:\/\/swissoja.ch\/de\/?s={search_term_string}\"},\"query-input\":{\"@type\":\"PropertyValueSpecification\",\"valueRequired\":true,\"valueName\":\"search_term_string\"}}],\"inLanguage\":\"de\"}]}<\/script>\n<!-- \/ Yoast SEO plugin. -->","yoast_head_json":{"title":"SWISSOJA - Tofu Bio Burger de Saison : Poivre et Piment","description":"Notre Tofu Bio Burger de saison poivre-piment est produit \u00e0 base de soja suisse est 100% vegan. Sans additifs ou colorants.","robots":{"index":"index","follow":"follow","max-snippet":"max-snippet:-1","max-image-preview":"max-image-preview:large","max-video-preview":"max-video-preview:-1"},"canonical":"https:\/\/swissoja.ch\/de\/produits\/tofu-bio-burger-de-saison-poivre-piment\/","og_locale":"de_DE","og_type":"article","og_title":"SWISSOJA - Tofu Bio Burger de Saison : Poivre et Piment","og_description":"Notre Tofu Bio Burger de saison poivre-piment est produit \u00e0 base de soja suisse est 100% vegan. Sans additifs ou colorants.","og_url":"https:\/\/swissoja.ch\/de\/produits\/tofu-bio-burger-de-saison-poivre-piment\/","og_site_name":"swissoja.ch","article_publisher":"https:\/\/www.facebook.com\/swissoja","article_modified_time":"2025-01-03T07:42:39+00:00","og_image":[{"width":1980,"height":1400,"url":"https:\/\/swissoja.ch\/wp-content\/uploads\/2022\/02\/poivre-piment-burger-FR.jpg","type":"image\/jpeg"}],"twitter_card":"summary_large_image","twitter_misc":{"Gesch\u00e4tzte Lesezeit":"1\u00a0Minute"},"schema":{"@context":"https:\/\/schema.org","@graph":[{"@type":"WebPage","@id":"https:\/\/swissoja.ch\/de\/produits\/tofu-bio-burger-de-saison-poivre-piment\/","url":"https:\/\/swissoja.ch\/de\/produits\/tofu-bio-burger-de-saison-poivre-piment\/","name":"SWISSOJA - Tofu Bio Burger de Saison : Poivre et Piment","isPartOf":{"@id":"https:\/\/swissoja.ch\/de\/#website"},"primaryImageOfPage":{"@id":"https:\/\/swissoja.ch\/de\/produits\/tofu-bio-burger-de-saison-poivre-piment\/#primaryimage"},"image":{"@id":"https:\/\/swissoja.ch\/de\/produits\/tofu-bio-burger-de-saison-poivre-piment\/#primaryimage"},"thumbnailUrl":"https:\/\/swissoja.ch\/wp-content\/uploads\/2022\/02\/poivre-piment-burger-FR.jpg","datePublished":"2024-01-01T07:00:17+00:00","dateModified":"2025-01-03T07:42:39+00:00","description":"Notre Tofu Bio Burger de saison poivre-piment est produit \u00e0 base de soja suisse est 100% vegan. Sans additifs ou colorants.","breadcrumb":{"@id":"https:\/\/swissoja.ch\/de\/produits\/tofu-bio-burger-de-saison-poivre-piment\/#breadcrumb"},"inLanguage":"de","potentialAction":[{"@type":"ReadAction","target":["https:\/\/swissoja.ch\/de\/produits\/tofu-bio-burger-de-saison-poivre-piment\/"]}]},{"@type":"ImageObject","inLanguage":"de","@id":"https:\/\/swissoja.ch\/de\/produits\/tofu-bio-burger-de-saison-poivre-piment\/#primaryimage","url":"https:\/\/swissoja.ch\/wp-content\/uploads\/2022\/02\/poivre-piment-burger-FR.jpg","contentUrl":"https:\/\/swissoja.ch\/wp-content\/uploads\/2022\/02\/poivre-piment-burger-FR.jpg","width":1980,"height":1400},{"@type":"BreadcrumbList","@id":"https:\/\/swissoja.ch\/de\/produits\/tofu-bio-burger-de-saison-poivre-piment\/#breadcrumb","itemListElement":[{"@type":"ListItem","position":1,"name":"Accueil","item":"https:\/\/swissoja.ch\/de\/"},{"@type":"ListItem","position":2,"name":"SHOP","item":"https:\/\/swissoja.ch\/de\/shop\/"},{"@type":"ListItem","position":3,"name":"Tofuburger Bio de saison Poivre &#8211; Piment"}]},{"@type":"WebSite","@id":"https:\/\/swissoja.ch\/de\/#website","url":"https:\/\/swissoja.ch\/de\/","name":"swissoja.ch","description":"PREMIUM SOJA FOOD","potentialAction":[{"@type":"SearchAction","target":{"@type":"EntryPoint","urlTemplate":"https:\/\/swissoja.ch\/de\/?s={search_term_string}"},"query-input":{"@type":"PropertyValueSpecification","valueRequired":true,"valueName":"search_term_string"}}],"inLanguage":"de"}]}},"_links":{"self":[{"href":"https:\/\/swissoja.ch\/de\/wp-json\/wp\/v2\/product\/30861","targetHints":{"allow":["GET"]}}],"collection":[{"href":"https:\/\/swissoja.ch\/de\/wp-json\/wp\/v2\/product"}],"about":[{"href":"https:\/\/swissoja.ch\/de\/wp-json\/wp\/v2\/types\/product"}],"wp:featuredmedia":[{"embeddable":true,"href":"https:\/\/swissoja.ch\/de\/wp-json\/wp\/v2\/media\/35219"}],"wp:attachment":[{"href":"https:\/\/swissoja.ch\/de\/wp-json\/wp\/v2\/media?parent=30861"}],"wp:term":[{"taxonomy":"product_brand","embeddable":true,"href":"https:\/\/swissoja.ch\/de\/wp-json\/wp\/v2\/product_brand?post=30861"},{"taxonomy":"product_cat","embeddable":true,"href":"https:\/\/swissoja.ch\/de\/wp-json\/wp\/v2\/product_cat?post=30861"},{"taxonomy":"product_tag","embeddable":true,"href":"https:\/\/swissoja.ch\/de\/wp-json\/wp\/v2\/product_tag?post=30861"}],"curies":[{"name":"wp","href":"https:\/\/api.w.org\/{rel}","templated":true}]}}