{"id":41221,"date":"2023-01-18T09:35:20","date_gmt":"2023-01-18T08:35:20","guid":{"rendered":"https:\/\/swissoja.ch\/politique-confidentialite\/"},"modified":"2025-02-05T15:08:20","modified_gmt":"2025-02-05T14:08:20","slug":"datenschutzrichtlinie","status":"publish","type":"page","link":"https:\/\/swissoja.ch\/de\/datenschutzrichtlinie\/","title":{"rendered":"Datenschutzrichtlinie"},"content":{"rendered":"<div class=\"fusion-fullwidth fullwidth-box fusion-builder-row-1 fusion-flex-container nonhundred-percent-fullwidth non-hundred-percent-height-scrolling\" style=\"--awb-border-radius-top-left:0px;--awb-border-radius-top-right:0px;--awb-border-radius-bottom-right:0px;--awb-border-radius-bottom-left:0px;--awb-background-image:linear-gradient(180deg, var(--awb-custom11) 0%,var(--awb-custom11) 100%);--awb-flex-wrap:wrap;\" ><div class=\"fusion-builder-row fusion-row fusion-flex-align-items-flex-start fusion-flex-content-wrap\" style=\"max-width:calc( 1200px + );margin-left: calc(- \/ 2 );margin-right: calc(- \/ 2 );\"><div class=\"fusion-layout-column fusion_builder_column fusion-builder-column-0 fusion_builder_column_1_1 1_1 fusion-flex-column\" style=\"--awb-bg-size:cover;--awb-width-large:100%;--awb-width-medium:100%;--awb-order-medium:0;--awb-width-small:100%;--awb-order-small:0;\"><div class=\"fusion-column-wrapper fusion-column-has-shadow fusion-flex-justify-content-flex-start fusion-content-layout-column\"><div class=\"fusion-text fusion-text-1\" style=\"--awb-text-transform:none;\"><h1 class=\"fusion-responsive-typography-calculated\" style=\"--fontsize: 40; line-height: 1.2;\" data-fontsize=\"40\" data-lineheight=\"48px\">Datenschutzrichtlinie<\/h1>\n<\/div><div class=\"fusion-text fusion-text-2\" style=\"--awb-text-transform:none;\"><h2 class=\"fusion-responsive-typography-calculated\" style=\"--fontsize: 32; line-height: 1.2;\" data-fontsize=\"32\" data-lineheight=\"38.4px\"><strong>Vorwort<\/strong><\/h2>\n<p>Als Betreiberin der Website www.swissoja. ch ist Swissoja SA, Route des Acacias 43, 1227 Genf, verantwortlich f\u00fcr die Erhebung, Verarbeitung und Nutzung Ihrer personenbezogenen Daten in \u00dcbereinstimmung mit allen anwendbaren Datenschutzgesetzen, wozu im schweizerischen Recht insbesondere das Bundesgesetz \u00fcber den Datenschutz (DSG), die Verordnung zum Bundesgesetz \u00fcber den Datenschutz (VDSG), das Fernmeldegesetz (FMG) und im Recht der Europ\u00e4ischen Union (nachfolgend: EU) die Datenschutz-Grundverordnung (DSGVO) geh\u00f6ren.<\/p>\n<\/div><div class=\"fusion-text fusion-text-3\" style=\"--awb-text-transform:none;\"><h2><strong><u>1. Pers\u00f6nliche Daten<\/u><\/strong><\/h2>\n<p>Wenn Sie unsere Website besuchen, werden die folgenden technischen Daten ohne unser Zutun erfasst und gespeichert:<\/p>\n<p>\u2022 die IP-Adresse des Computers, der auf die Website zugreift<\/p>\n<p>\u2022 den Namen des Eigent\u00fcmers des IP-Speicherplatzes (normalerweise Ihr Internetanbieter)<\/p>\n<p>\u2022 das Datum und die Uhrzeit der Anfrage<\/p>\n<p>\u2022 die Differenz der Zeitzone zur Greenwich Mean Time (GMT)<\/p>\n<p>\u2022 den Inhalt der Bestellung (konkrete Seite)<\/p>\n<p>\u2022 den Zugriffsstatus und den HTTP-Statuscode (Kommunikationsprotokoll)<\/p>\n<p>\u2022 die Menge der \u00fcbertragenen Daten<\/p>\n<p>\u2022 die Website, von der aus Sie auf unsere Website zugegriffen haben (Ursprungs-URL), und eventuell die verwendeten Suchbegriffe<\/p>\n<p>\u2022 Ihr Browser (Typ, Version, Sprache)<\/p>\n<p>\u2022 das Betriebssystem Ihres Computers und seine Schnittstelle<\/p>\n<p>\u2022 Ihr Benutzername aus einer Registrierung\/Authentifizierung<\/p>\n<p>Die Erhebung und Verarbeitung dieser Daten erfolgt zu dem Zweck, die Nutzung unserer Website zu erm\u00f6glichen (Verbindungsaufbau) und die Sicherheit und Stabilit\u00e4t des Systems dauerhaft zu gew\u00e4hrleisten.<\/p>\n<p>Diese Verarbeitungen sind rechtm\u00e4\u00dfig und notwendig f\u00fcr die Zwecke unserer berechtigten Interessen gem\u00e4\u00df Art. 6 Abs. 1 lit. f DSGVO.<\/p>\n<p>Dar\u00fcber hinaus verwenden wir die folgenden Daten zur Erf\u00fcllung unserer vertraglichen Verpflichtungen (Art. 6 Abs. 1 lit. b DSGVO), d. h. um Ihre Bestellungen zu bearbeiten, die Produkte zu liefern und die Zahlung sicherzustellen:<\/p>\n<p>\u2022 Vorname und Name ;<\/p>\n<p>\u2022 Rechnungsadresse (falls anders als die Lieferadresse) ;<\/p>\n<p>\u2022 Zahlungsinformationen (abh\u00e4ngig von der gew\u00e4hlten Zahlungsmethode) ;<\/p>\n<p>\u2022 Identifikatoren, d. h. E-Mail-Adresse und Passwort (f\u00fcr registrierte Kunden)<\/p>\n<\/div><div class=\"fusion-text fusion-text-4\" style=\"--awb-text-transform:none;\"><h2><strong><u>2. Weitergabe pers\u00f6nlicher Daten an Dritte<\/u><\/strong><\/h2>\n<p>Wir geben Ihre personenbezogenen Daten nur weiter, wenn Sie ausdr\u00fccklich eingewilligt haben (Art. 6 Abs. 1 lit. a DSGVO), wenn wir gesetzlich dazu verpflichtet sind (Art. 6 Abs. 1 lit. c und e DSGVO) oder wenn dies zur Durchsetzung unserer Rechte erforderlich ist (Art. 6 Abs. 1 lit. f DSGVO).<\/p>\n<p>Andererseits sind wir auch berechtigt, Ihre personenbezogenen Daten au\u00dferhalb der EU f\u00fcr die in \u00a7 1 unserer Datenschutzrichtlinie aufgef\u00fchrten Datenverarbeitungen zu \u00fcbermitteln. Wenn das Datenschutzniveau in einem bestimmten Land nicht dem Niveau der Schweiz oder der EU entspricht, schlie\u00dfen wir einen Vertrag, um sicherzustellen, dass der Schutz Ihrer personenbezogenen Daten immer dem der Schweiz oder der EU entspricht.<\/p>\n<\/div><div class=\"fusion-text fusion-text-5\" style=\"--awb-text-transform:none;\"><h2><strong><u>3. Cookies<\/u><\/strong><\/h2>\n<p>(a) Cookies sind kleine Textdateien, die Ihr Webbrowser automatisch auf Ihrer Festplatte speichert. Sie liefern bestimmte Informationen, die an die Stelle flie\u00dfen, die das Cookie setzt (in diesem Fall also auch an uns). Cookies dienen dazu, das Internetangebot insgesamt nutzerfreundlicher und effizienter zu gestalten.<\/p>\n<p>(b) Unsere Website verwendet sowohl <strong>tempor\u00e4re Cookies<\/strong> (vor\u00fcbergehende Nutzung) als auch <strong>persistente Cookies<\/strong> (zeitlich begrenzte Nutzung).<\/p>\n<p>Dazu geh\u00f6ren insbesondere <strong>Sitzungscookies<\/strong>. Diese merken sich Ihre Sitzung, sodass die verschiedenen Anfragen aus Ihrem Browser der gemeinsamen Sitzung zugeordnet werden k\u00f6nnen. Ihr Computer kann also wiedererkannt werden, wenn Sie auf die Website zur\u00fcckkehren. Sie werden automatisch gel\u00f6scht, wenn Sie den Browser schlie\u00dfen.<\/p>\n<p>Was die <strong>persistenten Cookies<\/strong> betrifft, so werden sie nach einer bestimmten Zeit, die von Cookie zu Cookie unterschiedlich sein kann, automatisch gel\u00f6scht.<\/p>\n<p>(c) Sie k\u00f6nnen die Einstellungen Ihres Browsers auch so konfigurieren, dass Sie z. B. Cookies von Dritten ablehnen oder einfach alle Cookies ablehnen k\u00f6nnen. In einem solchen Fall kann es sein, dass Sie nicht mehr in der Lage sind, alle Funktionen der Website zu nutzen.<\/p>\n<\/div><div class=\"fusion-text fusion-text-6\" style=\"--awb-text-transform:none;\"><h2><strong><u>4. Google Analytics<\/u><\/strong><\/h2>\n<p>(1) Diese Website benutzt Google Analytics, einen Webanalysedienst der Google Inc.<\/p>\n<p>(\u00ab Google \u00bb). Google Analytics verwendet Cookies, Textdateien, die auf Ihrem Computer gespeichert werden und die eine Analyse der Benutzung der Website durch Sie erm\u00f6glichen. Die durch den Cookie erzeugten Informationen \u00fcber Ihre Benutzung dieser Website werden an einen Server von Google in den USA \u00fcbertragen und dort gespeichert. Die IP-Adresse, die von Ihrem Browser \u00fcber Google Analytics \u00fcbermittelt wird, wird nicht mit anderen Daten verkn\u00fcpft.<\/p>\n<p>(2) Im Auftrag des Betreibers dieser Website wird Google diese Informationen benutzen, um Ihre Nutzung der Website auszuwerten, um Reports \u00fcber die Websiteaktivit\u00e4t<span style=\"text-decoration: line-through;\">en<\/span> zusammenzustellen und um weitere mit der Websitenutzung und der Internetnutzung verbundene Dienstleistungen gegen\u00fcber dem Betreiber zu erbringen. Google kann diese Informationen auch an Dritte weitergeben, wenn dies gesetzlich vorgeschrieben ist oder wenn Dritte diese Daten im Auftrag von Google verarbeiten.<\/p>\n<\/div><div class=\"fusion-text fusion-text-7\" style=\"--awb-text-transform:none;\"><h2><strong><u>5. Dauer der Speicherung<\/u><\/strong><\/h2>\n<p>Ihre personenbezogenen Daten d\u00fcrfen nicht l\u00e4nger aufbewahrt werden, als dies sowohl zur Erf\u00fcllung der Zwecke, f\u00fcr die sie erhoben wurden, als auch zur Erf\u00fcllung unserer rechtlichen Verpflichtungen erforderlich ist (Art. 5 Abs. 1 lit. e DSGVO).<\/p>\n<p>Unabh\u00e4ngig von diesem Zeitraum, in dem wir Ihre personenbezogenen Daten aufbewahren, l\u00f6schen wir Ihre personenbezogenen Daten auch, wenn Sie uns ausdr\u00fccklich dazu auffordern, indem Sie uns \u00fcber die in \u00a7 6 (b) dieser Datenschutzrichtlinie angegebenen Kontaktdaten benachrichtigen.<\/p>\n<\/div><div class=\"fusion-text fusion-text-8\" style=\"--awb-text-transform:none;\"><h2><strong><u>6.Rechte des Nutzers und der betroffenen Parteien<\/u><\/strong><\/h2>\n<ul>\n<li><em><u>Recht auf Zugang, Einsichtnahme, Berichtigung, L\u00f6schung und Einschr\u00e4nkung <\/u><\/em><\/li>\n<\/ul>\n<p>Sie haben das Recht, sich jederzeit kostenlos \u00fcber Ihre personenbezogenen Daten zu informieren, indem Sie die Sie betreffenden und von uns verarbeiteten personenbezogenen Daten einsehen und, falls erforderlich, unrichtige\/unvollst\u00e4ndige personenbezogene Daten berichtigen oder l\u00f6schen lassen oder sie entfernen oder erg\u00e4nzen lassen, und in bestimmten F\u00e4llen sogar die Verarbeitung Ihrer personenbezogenen Daten einschr\u00e4nken oder sich der Verarbeitung widersetzen.<\/p>\n<ul>\n<li><em><u>Recht auf Widerruf der Zustimmung <\/u><\/em><\/li>\n<\/ul>\n<p>Sie haben das Recht, eine zuvor erteilte Einwilligung zur Verarbeitung Ihrer personenbezogenen Daten jederzeit zu widerrufen.<\/p>\n<p>Sie k\u00f6nnen diese Rechte (wie unter (a) und (b) beschrieben) geltend machen, indem Sie Ihre Anfrage schriftlich an :<\/p>\n<ul>\n<li><em>SWISSOJA SA &#8211; Route des Acacias 43 \u2013 1227 Acacias <\/em><\/li>\n<\/ul>\n<p>Dem Antrag muss eine Kopie des Ausweises mit Unterschrift des Inhabers des Ausweises beigef\u00fcgt werden, wobei die Adresse anzugeben ist, an die die Antwort zur\u00fcckgeschickt werden soll.<\/p>\n<ul>\n<li><em><u>Recht auf Beschwerde bei der Aufsichtsbeh\u00f6rde<\/u><\/em><\/li>\n<\/ul>\n<p>Dar\u00fcber hinaus haben Sie auch das Recht, eine Beschwerde bei der Aufsichtsbeh\u00f6rde einzureichen, wenn Sie mit der Bearbeitung Ihrer Anfrage durch uns nicht zufrieden sind, und zwar unter der folgenden Adresse:<\/p>\n<ul>\n<li><em>Eidgen\u00f6ssischer Datenschutz- und \u00d6ffentlichkeitsbeauftragter &#8211; Feldeggweg 1 &#8211; 3003 Bern <\/em><\/li>\n<\/ul>\n<\/div><\/div><\/div><\/div><\/div>\n","protected":false},"excerpt":{"rendered":"","protected":false},"author":4,"featured_media":0,"parent":0,"menu_order":120,"comment_status":"closed","ping_status":"closed","template":"","meta":{"footnotes":""},"class_list":["post-41221","page","type-page","status-publish","hentry"],"yoast_head":"<!-- This site is optimized with the Yoast SEO plugin v27.4 - https:\/\/yoast.com\/product\/yoast-seo-wordpress\/ -->\n<title>Datenschutzrichtlinie - swissoja.ch<\/title>\n<meta name=\"description\" content=\"Die Swissoja-Datenschutzrichtlinie, hier finden Sie Informationen \u00fcber die Datenverarbeitung.\" \/>\n<meta name=\"robots\" content=\"index, follow, max-snippet:-1, max-image-preview:large, max-video-preview:-1\" \/>\n<link rel=\"canonical\" href=\"https:\/\/swissoja.ch\/de\/datenschutzrichtlinie\/\" \/>\n<meta property=\"og:locale\" content=\"de_DE\" \/>\n<meta property=\"og:type\" content=\"article\" \/>\n<meta property=\"og:title\" content=\"Datenschutzrichtlinie - swissoja.ch\" \/>\n<meta property=\"og:description\" content=\"Die Swissoja-Datenschutzrichtlinie, hier finden Sie Informationen \u00fcber die Datenverarbeitung.\" \/>\n<meta property=\"og:url\" content=\"https:\/\/swissoja.ch\/de\/datenschutzrichtlinie\/\" \/>\n<meta property=\"og:site_name\" content=\"swissoja.ch\" \/>\n<meta property=\"article:publisher\" content=\"https:\/\/www.facebook.com\/swissoja\" \/>\n<meta property=\"article:modified_time\" content=\"2025-02-05T14:08:20+00:00\" \/>\n<meta name=\"twitter:card\" content=\"summary_large_image\" \/>\n<meta name=\"twitter:label1\" content=\"Gesch\u00e4tzte Lesezeit\" \/>\n\t<meta name=\"twitter:data1\" content=\"2\u00a0Minuten\" \/>\n<script type=\"application\/ld+json\" class=\"yoast-schema-graph\">{\"@context\":\"https:\\\/\\\/schema.org\",\"@graph\":[{\"@type\":\"WebPage\",\"@id\":\"https:\\\/\\\/swissoja.ch\\\/de\\\/datenschutzrichtlinie\\\/\",\"url\":\"https:\\\/\\\/swissoja.ch\\\/de\\\/datenschutzrichtlinie\\\/\",\"name\":\"Datenschutzrichtlinie - swissoja.ch\",\"isPartOf\":{\"@id\":\"https:\\\/\\\/swissoja.ch\\\/de\\\/#website\"},\"datePublished\":\"2023-01-18T08:35:20+00:00\",\"dateModified\":\"2025-02-05T14:08:20+00:00\",\"description\":\"Die Swissoja-Datenschutzrichtlinie, hier finden Sie Informationen \u00fcber die Datenverarbeitung.\",\"breadcrumb\":{\"@id\":\"https:\\\/\\\/swissoja.ch\\\/de\\\/datenschutzrichtlinie\\\/#breadcrumb\"},\"inLanguage\":\"de\",\"potentialAction\":[{\"@type\":\"ReadAction\",\"target\":[\"https:\\\/\\\/swissoja.ch\\\/de\\\/datenschutzrichtlinie\\\/\"]}]},{\"@type\":\"BreadcrumbList\",\"@id\":\"https:\\\/\\\/swissoja.ch\\\/de\\\/datenschutzrichtlinie\\\/#breadcrumb\",\"itemListElement\":[{\"@type\":\"ListItem\",\"position\":1,\"name\":\"Accueil\",\"item\":\"https:\\\/\\\/swissoja.ch\\\/de\\\/\"},{\"@type\":\"ListItem\",\"position\":2,\"name\":\"Datenschutzrichtlinie\"}]},{\"@type\":\"WebSite\",\"@id\":\"https:\\\/\\\/swissoja.ch\\\/de\\\/#website\",\"url\":\"https:\\\/\\\/swissoja.ch\\\/de\\\/\",\"name\":\"swissoja.ch\",\"description\":\"PREMIUM SOJA FOOD\",\"potentialAction\":[{\"@type\":\"SearchAction\",\"target\":{\"@type\":\"EntryPoint\",\"urlTemplate\":\"https:\\\/\\\/swissoja.ch\\\/de\\\/?s={search_term_string}\"},\"query-input\":{\"@type\":\"PropertyValueSpecification\",\"valueRequired\":true,\"valueName\":\"search_term_string\"}}],\"inLanguage\":\"de\"}]}<\/script>\n<!-- \/ Yoast SEO plugin. -->","yoast_head_json":{"title":"Datenschutzrichtlinie - swissoja.ch","description":"Die Swissoja-Datenschutzrichtlinie, hier finden Sie Informationen \u00fcber die Datenverarbeitung.","robots":{"index":"index","follow":"follow","max-snippet":"max-snippet:-1","max-image-preview":"max-image-preview:large","max-video-preview":"max-video-preview:-1"},"canonical":"https:\/\/swissoja.ch\/de\/datenschutzrichtlinie\/","og_locale":"de_DE","og_type":"article","og_title":"Datenschutzrichtlinie - swissoja.ch","og_description":"Die Swissoja-Datenschutzrichtlinie, hier finden Sie Informationen \u00fcber die Datenverarbeitung.","og_url":"https:\/\/swissoja.ch\/de\/datenschutzrichtlinie\/","og_site_name":"swissoja.ch","article_publisher":"https:\/\/www.facebook.com\/swissoja","article_modified_time":"2025-02-05T14:08:20+00:00","twitter_card":"summary_large_image","twitter_misc":{"Gesch\u00e4tzte Lesezeit":"2\u00a0Minuten"},"schema":{"@context":"https:\/\/schema.org","@graph":[{"@type":"WebPage","@id":"https:\/\/swissoja.ch\/de\/datenschutzrichtlinie\/","url":"https:\/\/swissoja.ch\/de\/datenschutzrichtlinie\/","name":"Datenschutzrichtlinie - swissoja.ch","isPartOf":{"@id":"https:\/\/swissoja.ch\/de\/#website"},"datePublished":"2023-01-18T08:35:20+00:00","dateModified":"2025-02-05T14:08:20+00:00","description":"Die Swissoja-Datenschutzrichtlinie, hier finden Sie Informationen \u00fcber die Datenverarbeitung.","breadcrumb":{"@id":"https:\/\/swissoja.ch\/de\/datenschutzrichtlinie\/#breadcrumb"},"inLanguage":"de","potentialAction":[{"@type":"ReadAction","target":["https:\/\/swissoja.ch\/de\/datenschutzrichtlinie\/"]}]},{"@type":"BreadcrumbList","@id":"https:\/\/swissoja.ch\/de\/datenschutzrichtlinie\/#breadcrumb","itemListElement":[{"@type":"ListItem","position":1,"name":"Accueil","item":"https:\/\/swissoja.ch\/de\/"},{"@type":"ListItem","position":2,"name":"Datenschutzrichtlinie"}]},{"@type":"WebSite","@id":"https:\/\/swissoja.ch\/de\/#website","url":"https:\/\/swissoja.ch\/de\/","name":"swissoja.ch","description":"PREMIUM SOJA FOOD","potentialAction":[{"@type":"SearchAction","target":{"@type":"EntryPoint","urlTemplate":"https:\/\/swissoja.ch\/de\/?s={search_term_string}"},"query-input":{"@type":"PropertyValueSpecification","valueRequired":true,"valueName":"search_term_string"}}],"inLanguage":"de"}]}},"_links":{"self":[{"href":"https:\/\/swissoja.ch\/de\/wp-json\/wp\/v2\/pages\/41221","targetHints":{"allow":["GET"]}}],"collection":[{"href":"https:\/\/swissoja.ch\/de\/wp-json\/wp\/v2\/pages"}],"about":[{"href":"https:\/\/swissoja.ch\/de\/wp-json\/wp\/v2\/types\/page"}],"author":[{"embeddable":true,"href":"https:\/\/swissoja.ch\/de\/wp-json\/wp\/v2\/users\/4"}],"replies":[{"embeddable":true,"href":"https:\/\/swissoja.ch\/de\/wp-json\/wp\/v2\/comments?post=41221"}],"version-history":[{"count":5,"href":"https:\/\/swissoja.ch\/de\/wp-json\/wp\/v2\/pages\/41221\/revisions"}],"predecessor-version":[{"id":41226,"href":"https:\/\/swissoja.ch\/de\/wp-json\/wp\/v2\/pages\/41221\/revisions\/41226"}],"wp:attachment":[{"href":"https:\/\/swissoja.ch\/de\/wp-json\/wp\/v2\/media?parent=41221"}],"curies":[{"name":"wp","href":"https:\/\/api.w.org\/{rel}","templated":true}]}}