{"id":38219,"date":"2025-01-23T16:58:08","date_gmt":"2025-01-23T15:58:08","guid":{"rendered":"https:\/\/swissoja.ch\/?page_id=38219"},"modified":"2025-01-28T13:46:02","modified_gmt":"2025-01-28T12:46:02","slug":"allgemine-geschaftsbedingungen","status":"publish","type":"page","link":"https:\/\/swissoja.ch\/de\/allgemine-geschaftsbedingungen\/","title":{"rendered":"Allgemeine Gesch\u00e4ftsbedingungen"},"content":{"rendered":"<div class=\"fusion-fullwidth fullwidth-box fusion-builder-row-1 fusion-flex-container nonhundred-percent-fullwidth non-hundred-percent-height-scrolling\" style=\"--awb-border-radius-top-left:0px;--awb-border-radius-top-right:0px;--awb-border-radius-bottom-right:0px;--awb-border-radius-bottom-left:0px;--awb-background-image:linear-gradient(180deg, var(--awb-custom11) 0%,var(--awb-custom11) 100%);--awb-flex-wrap:wrap;\" ><div class=\"fusion-builder-row fusion-row fusion-flex-align-items-flex-start fusion-flex-content-wrap\" style=\"max-width:calc( 1200px + );margin-left: calc(- \/ 2 );margin-right: calc(- \/ 2 );\"><div class=\"fusion-layout-column fusion_builder_column fusion-builder-column-0 fusion_builder_column_1_1 1_1 fusion-flex-column\" style=\"--awb-bg-size:cover;--awb-width-large:100%;--awb-width-medium:100%;--awb-order-medium:0;--awb-width-small:100%;--awb-order-small:0;\"><div class=\"fusion-column-wrapper fusion-column-has-shadow fusion-flex-justify-content-flex-start fusion-content-layout-column\"><div class=\"fusion-text fusion-text-1\" style=\"--awb-text-transform:none;\"><h1 class=\"fusion-responsive-typography-calculated\" style=\"--fontsize: 38; line-height: 1.2;\" data-fontsize=\"38\" data-lineheight=\"45.6px\">Allgemeine Gesch\u00e4ftsbedingungen &#8211; Verkauf an Privatpersonen<\/h1>\n<h2><b>1.Begriffsbestimmungen<\/b><\/h2>\n<p>1.1. Produkte: alle Waren auf Sojabasis, die von der SWISSOJA SA \u00fcber ihren Online-Shop angeboten werden. 1.2. K\u00e4ufer: jede vollj\u00e4hrige nat\u00fcrliche Person mit gew\u00f6hnlichem Aufenthalt in der Schweiz, die ein oder mehrere Produkte gegen Entgelt erwirbt. 1.3. Empf\u00e4nger: Jede nat\u00fcrliche Person, deren Lieferadresse auf dem Bestellformular angegeben ist und an die das Produkt geliefert wird.. 1.4. Verk\u00e4ufer: SWISSOJA SA. 1.5. Parteien: K\u00e4ufer und Verk\u00e4ufer. 1.6. Bestellung: Die Handlung, mit der der K\u00e4ufer das Bestellformular ausf\u00fcllt. 1.7. Bestellformular: Online-Formular, in dem die Menge, die Art des Produkts, die Kontaktdaten und die Adresse des K\u00e4ufers, die Adresse des Empf\u00e4ngers sowie die Zahlungsweise angegeben sind. 1.8. Shop: Website: https:\/\/swissoja.ch\/de\/shop\/ die den Verkauf von Produkten anbietet. 1.9.Annahme der Allgemeinen Gesch\u00e4ftsbedingungen: Die Best\u00e4tigung des K\u00e4ufers, dass er die Allgemeinen Gesch\u00e4ftsbedingungen und die Datenschutzrichtlinie zur Kenntnis genommen hat und sich mit ihnen einverstanden erkl\u00e4rt. Jede Bestellung im Shop gilt als Annahme der Allgemeinen Gesch\u00e4ftsbedingungen. 1.10. Lieferdienst oder Zusteller: Anbieter des Versanddienstes (z. B.: Post).<\/p>\n<h2><b>2. Anwendbarkeit und Durchsetzbarkeit der Allgemeinen Gesch\u00e4ftsbedingungen <\/b><\/h2>\n<p>2.1. Die vorliegenden Allgemeinen Gesch\u00e4ftsbedingungen regeln ausschlie\u00dflich den Verkauf von Produkten durch den Shop an den K\u00e4ufer. 2.2. Nachdem der K\u00e4ufer die vorliegenden Allgemeinen Gesch\u00e4ftsbedingungen zur Kenntnis genommen und akzeptiert hat, kann er eine Bestellung beim Shop aufgeben.<\/p>\n<h2><b>3. Von der Bestellung<\/b><\/h2>\n<p>3.1. Bei der Bestellung verpflichtet sich der K\u00e4ufer, alle Rubriken des Bestellformulars wahrheitsgem\u00e4ss auszuf\u00fcllen. 3.2. Im Falle eines Fehlers bei der Angabe der Kontaktdaten des Empf\u00e4ngers kann der Verk\u00e4ufer nicht daf\u00fcr haftbar gemacht werden, dass die Lieferung an den Empf\u00e4nger nicht m\u00f6glich ist. Auf Wunsch des Empf\u00e4ngers kann der Verk\u00e4ufer die Produkte jedoch auf Kosten des K\u00e4ufers an einen anderen Empf\u00e4nger oder an eine andere Adresse senden. 3.3. Jede Bestellung unterliegt der Annahme durch den Verk\u00e4ufer, der sich das Recht vorbeh\u00e4lt, eine Bestellung aufgrund unzureichender Lagerbest\u00e4nde, unvollst\u00e4ndiger Angaben auf dem Bestellformular oder aus anderen Gr\u00fcnden abzulehnen. 3.4. Aufgrund der Art des Produkts wird jede Bestellung, die als Lieferadresse ein Postfach angibt, abgelehnt. 3.5. Nach Aufgabe der Bestellung verpflichtet sich der Verk\u00e4ufer, den K\u00e4ufer \u00fcber die auf dem Bestellformular angegebene E-Mail-Adresse \u00fcber die Annahme oder Ablehnung seiner Bestellung zu informieren.<\/p>\n<h2><b>4. Die Bezahlung der Bestellung<\/b><\/h2>\n<p>4.1. Nach Annahme durch den Verk\u00e4ufer muss der K\u00e4ufer die Bestellung vollst\u00e4ndig bezahlen. Andernfalls wird die Bestellung storniert. 4.2. Die Bezahlung der Bestellung erfolgt in Schweizer Franken. 4.3. Der K\u00e4ufer zahlt die Bestellung ausschlie\u00dflich online und per Kreditkarte von Visa, MasterCard oder Twint.<\/p>\n<h2><b>5. Widerruf, \u00c4nderung oder Stornierung der Bestellung<\/b><\/h2>\n<p>5.1 Angesichts der Art der Produkte hat der K\u00e4ufer kein Widerrufsrecht. 5.2. Sobald eine Bestellung aufgegeben wurde, kann sie nicht mehr ge\u00e4ndert oder storniert werden.<\/p>\n<h2><b>6. Preis, Mehrwertsteuer, Lieferkosten und Eigentums\u00fcbertragung <\/b><\/h2>\n<p>6.1. Die Preise auf dem Bestellformular sind ausschlie\u00dflich in Schweizer Franken angegeben. Die im Shop angegebenen Preise k\u00f6nnen vom Verk\u00e4ufer frei revidiert werden. 6.2. LDer angegebene Preis bezieht sich auf eine Produkteinheit, d. h. eine Portion Tofu, Okara oder einen Liter Sojadrink. 6.3. Die angegebenen Preise enthalten die Mehrwertsteuer. Jede \u00c4nderung der Mehrwertsteuer wird auf den Preis der Produkte aufgeschlagen. 6.4. Die Versandkosten sind nicht im Preis der Produkte enthalten und m\u00fcssen vom K\u00e4ufer zus\u00e4tzlich bezahlt werden.6.5. Dem K\u00e4ufer werden keine Lieferkosten auferlegt, wenn er das Produkt in den R\u00e4umlichkeiten des Verk\u00e4ufers abholt. 6.6. Der Verk\u00e4ufer bleibt bis zur vollst\u00e4ndigen Bezahlung des Preises der Produkte durch den K\u00e4ufer Eigent\u00fcmer der Produkte.<\/p>\n<h2><b>7. Verf\u00fcgbarkeit der Produkte<\/b><\/h2>\n<p>7.1. Vor der Best\u00e4tigung der Bestellung durch den Verk\u00e4ufer wird keine Garantie f\u00fcr die Verf\u00fcgbarkeit der angebotenen Produkte gegeben. 7.2. Im Falle der Nichtverf\u00fcgbarkeit von Produkten wird der Verk\u00e4ufer den K\u00e4ufer dar\u00fcber informieren und die Bestellung aus diesem Grund ablehnen.<\/p>\n<h2><b>8. Lieferung<\/b><\/h2>\n<p>8.1. Die Lieferungen erfolgen ausschlie\u00dflich innerhalb der Schweiz. 8.2. Die Produkte werden an die auf dem Bestellformular angegebene Schweizer Lieferadresse geliefert. Im Falle eines Fehlers oder einer \u00c4nderung der Lieferadresse oder des Empf\u00e4ngers gilt Ziffer 3.2. 8.3. Die Lieferungen werden von einem externen Lieferdienst durchgef\u00fchrt. 8.4. Der Verk\u00e4ufer \u00fcbernimmt keine Verantwortung f\u00fcr Lieferverz\u00f6gerungen, die durch den Lieferservice verursacht werden. Der Verk\u00e4ufer verpflichtet sich jedoch, den Empf\u00e4nger \u00fcber jede Lieferverz\u00f6gerung, von der er Kenntnis hat, zu informieren.<\/p>\n<h2><b>9. Gefahren\u00fcbergang, Pflichten des K\u00e4ufers und Reklamation<\/b><\/h2>\n<p>9.1. Der Gefahren\u00fcbergang geht mit der \u00dcbergabe der Produkte an den Lieferdienst auf den K\u00e4ufer \u00fcber. 9.2. Angesichts der Art der Produkte wird der Empf\u00e4nger alle notwendigen Ma\u00dfnahmen ergreifen, um den ordnungsgem\u00e4\u00dfen Empfang und die Aufbewahrung der Produkte sicherzustellen. Dar\u00fcber hinaus kann er mit dem Lieferdienst eine Lieferzeit vereinbaren, um den ordnungsgem\u00e4\u00dfen Empfang und die Aufbewahrung der Produkte zu gew\u00e4hrleisten. 9.3. Bei der Lieferung ist der K\u00e4ufer verpflichtet, die Produkte in Anwesenheit des Zustellers zu pr\u00fcfen und sofort auf eventuelle M\u00e4ngel der Produkte hinzuweisen. In diesem Fall muss der K\u00e4ufer eine Reklamation an den Kundenservice des Verk\u00e4ufers unter folgender Adresse richten: info@swissoja.ch, sp\u00e4testens bis zum Ablauf des Mindesthaltbarkeitsdatums des oder der betroffenen Produkte. 9.4. Jeder Reklamation m\u00fcssen Belege beigef\u00fcgt werden, einschlie\u00dflich des vom Lieferdienst ausgestellten Frachtbriefs und eines Fotos des erhaltenen Produkts. Der Verk\u00e4ufer beh\u00e4lt sich das Recht vor, weitere Belege zu verlangen. 9.5. Ein Ersatz der Produkte oder eine R\u00fcckerstattung erfolgt nicht, wenn die folgenden Bedingungen nicht erf\u00fcllt sind: Der K\u00e4ufer\/Empf\u00e4nger hat die Produkte in Anwesenheit des Zustellers gepr\u00fcft, innerhalb der in Ziffer 9.3 genannten Frist einen Mangel gemeldet und seine Reklamation in der in Ziffer 9.3 genannten Form eingereicht.<\/p>\n<h2><b>10. Garantien<\/b><\/h2>\n<p>10.1. Nach der Bezahlung der Produkte verpflichtet sich der Verk\u00e4ufer, die Bestellung in einer geschlossenen, widerstandsf\u00e4higen und f\u00fcr das Produkt und seinen Transport geeigneten Verpackung vorzubereiten. 10.2. Der Verk\u00e4ufer verpflichtet sich, dem Lieferservice ein qualitativ einwandfreies Produkt zu \u00fcbergeben, das der geltenden schweizerischen Gesetzgebung entspricht. 10.3. Der K\u00e4ufer sollte sich auf die im Shop angegebenen Produktbeschreibungen beziehen. Im Zweifelsfall kann er sich an den Kundenservice des Verk\u00e4ufers wenden, der unter folgender Adresse zu erreichen ist: info@swissoja.ch.<\/p>\n<h2><b>11. Verantwortung <\/b><\/h2>\n<p>11.1. Die Fotografien der Produkte im Shop dienen nur zu Informationszwecken und sind f\u00fcr die Parteien nicht bindend. Der Verk\u00e4ufer schlie\u00dft diesbez\u00fcglich jede Haftung aus. 11.2.Jede vollst\u00e4ndige oder teilweise Reproduktion des Shops und\/oder seiner Fotografien ist untersagt. 11.3. Der Verk\u00e4ufer schlie\u00dft jede Haftung im Zusammenhang mit (direkten oder indirekten) Sch\u00e4den aus, f\u00fcr die der Nachweis der Fehlerhaftigkeit des Produkts und\/oder der Verpackung nicht erbracht wurde. 11.4. Der Verk\u00e4ufer schlie\u00dft jede Haftung im Zusammenhang mit Sch\u00e4den an den Produkten aus, die nach der \u00dcbergabe der Produkte an den Lieferdienst entstanden sind. 11.5. Der Verk\u00e4ufer schlie\u00dft jede Haftung f\u00fcr Lieferausf\u00e4lle aufgrund h\u00f6herer Gewalt aus. H\u00f6here Gewalt ist jedes au\u00dfergew\u00f6hnliche und unvorhersehbare Ereignis, das von au\u00dfen kommt und trotz Anwendung der gr\u00f6\u00dftm\u00f6glichen Sorgfalt nicht vermieden werden kann, ohne das gesamte Unternehmen und seine Lebensf\u00e4higkeit zu gef\u00e4hrden.<\/p>\n<h2><b>12. Schutz der Daten<\/b><\/h2>\n<p>12.1. Vor jeder Bestellung muss der K\u00e4ufer der Verarbeitung seiner pers\u00f6nlichen Daten zustimmen. 12.2.Die pers\u00f6nlichen Daten des K\u00e4ufers werden nur zum Zweck der Bestellungsverfolgung und Lieferung verarbeitet. Nach Erhalt der Produkte durch den Empf\u00e4nger werden die gesammelten pers\u00f6nlichen Daten vernichtet. 12.3. Der K\u00e4ufer kann jedoch die Einwilligung, die er im Hinblick auf die Verarbeitung seiner personenbezogenen Daten erteilt hat, jederzeit widerrufen. 12.4. Zu diesem Zweck muss er einen schriftlichen und unterschriebenen Antrag an den Verk\u00e4ufer unter der folgenden Adresse richten: SWISSOJA, 43 Route des Acacias, 1227 Les Acacias. Au\u00dferdem muss er eine Kopie seines Personalausweises beif\u00fcgen und eine Postanschrift f\u00fcr die R\u00fccksendung der Post angeben.<\/p>\n<h2><b>13. Teilbarkeit<\/b><\/h2>\n<p>Jede Bestimmung dieser Allgemeinen Gesch\u00e4ftsbedingungen, die ganz oder teilweise im Widerspruch zu Bestimmungen zwingenden Rechts steht, ber\u00fchrt die G\u00fcltigkeit des Vertrags nicht.<\/p>\n<h2><b>14. Gerichtsstand und anwendbares Recht <\/b><\/h2>\n<p>14.1. Die vorliegenden Allgemeinen Gesch\u00e4ftsbedingungen unterliegen dem Schweizer Recht. 14.2.Vorbehaltlich anders lautender Bestimmungen zwingenden Rechts ist der Gerichtsstand Genf.<\/p>\n<\/div><div class=\"fusion-text fusion-text-2\" style=\"--awb-text-transform:none;\"><h2 class=\"fusion-responsive-typography-calculated\" style=\"--fontsize: 28; line-height: 1.2;\" data-fontsize=\"28\" data-lineheight=\"33.6px\"><\/h2>\n<\/div><div class=\"fusion-text fusion-text-3\" style=\"--awb-text-transform:none;\"><p>&nbsp;<\/p>\n<\/div><\/div><\/div><\/div><\/div>\n","protected":false},"excerpt":{"rendered":"","protected":false},"author":4,"featured_media":0,"parent":0,"menu_order":110,"comment_status":"closed","ping_status":"closed","template":"","meta":{"footnotes":""},"class_list":["post-38219","page","type-page","status-publish","hentry"],"yoast_head":"<!-- This site is optimized with the Yoast SEO plugin v27.5 - https:\/\/yoast.com\/product\/yoast-seo-wordpress\/ -->\n<title>Allgemeine Gesch\u00e4ftsbedingungen - swissoja.ch<\/title>\n<meta name=\"description\" content=\"Die Allgemeinen Gesch\u00e4ftsbedingungen f\u00fcr Online-Eink\u00e4ufe von Privatpersonen auf der Website von Swissoja.\" \/>\n<meta name=\"robots\" content=\"index, follow, max-snippet:-1, max-image-preview:large, max-video-preview:-1\" \/>\n<link rel=\"canonical\" href=\"https:\/\/swissoja.ch\/de\/allgemine-geschaftsbedingungen\/\" \/>\n<meta property=\"og:locale\" content=\"de_DE\" \/>\n<meta property=\"og:type\" content=\"article\" \/>\n<meta property=\"og:title\" content=\"Allgemeine Gesch\u00e4ftsbedingungen - swissoja.ch\" \/>\n<meta property=\"og:description\" content=\"Die Allgemeinen Gesch\u00e4ftsbedingungen f\u00fcr Online-Eink\u00e4ufe von Privatpersonen auf der Website von Swissoja.\" \/>\n<meta property=\"og:url\" content=\"https:\/\/swissoja.ch\/de\/allgemine-geschaftsbedingungen\/\" \/>\n<meta property=\"og:site_name\" content=\"swissoja.ch\" \/>\n<meta property=\"article:publisher\" content=\"https:\/\/www.facebook.com\/swissoja\" \/>\n<meta property=\"article:modified_time\" content=\"2025-01-28T12:46:02+00:00\" \/>\n<meta name=\"twitter:card\" content=\"summary_large_image\" \/>\n<meta name=\"twitter:label1\" content=\"Gesch\u00e4tzte Lesezeit\" \/>\n\t<meta name=\"twitter:data1\" content=\"9\u00a0Minuten\" \/>\n<script type=\"application\/ld+json\" class=\"yoast-schema-graph\">{\"@context\":\"https:\\\/\\\/schema.org\",\"@graph\":[{\"@type\":\"WebPage\",\"@id\":\"https:\\\/\\\/swissoja.ch\\\/de\\\/allgemine-geschaftsbedingungen\\\/\",\"url\":\"https:\\\/\\\/swissoja.ch\\\/de\\\/allgemine-geschaftsbedingungen\\\/\",\"name\":\"Allgemeine Gesch\u00e4ftsbedingungen - swissoja.ch\",\"isPartOf\":{\"@id\":\"https:\\\/\\\/swissoja.ch\\\/de\\\/#website\"},\"datePublished\":\"2025-01-23T15:58:08+00:00\",\"dateModified\":\"2025-01-28T12:46:02+00:00\",\"description\":\"Die Allgemeinen Gesch\u00e4ftsbedingungen f\u00fcr Online-Eink\u00e4ufe von Privatpersonen auf der Website von Swissoja.\",\"breadcrumb\":{\"@id\":\"https:\\\/\\\/swissoja.ch\\\/de\\\/allgemine-geschaftsbedingungen\\\/#breadcrumb\"},\"inLanguage\":\"de\",\"potentialAction\":[{\"@type\":\"ReadAction\",\"target\":[\"https:\\\/\\\/swissoja.ch\\\/de\\\/allgemine-geschaftsbedingungen\\\/\"]}]},{\"@type\":\"BreadcrumbList\",\"@id\":\"https:\\\/\\\/swissoja.ch\\\/de\\\/allgemine-geschaftsbedingungen\\\/#breadcrumb\",\"itemListElement\":[{\"@type\":\"ListItem\",\"position\":1,\"name\":\"Accueil\",\"item\":\"https:\\\/\\\/swissoja.ch\\\/de\\\/\"},{\"@type\":\"ListItem\",\"position\":2,\"name\":\"Allgemeine Gesch\u00e4ftsbedingungen\"}]},{\"@type\":\"WebSite\",\"@id\":\"https:\\\/\\\/swissoja.ch\\\/de\\\/#website\",\"url\":\"https:\\\/\\\/swissoja.ch\\\/de\\\/\",\"name\":\"swissoja.ch\",\"description\":\"PREMIUM SOJA FOOD\",\"potentialAction\":[{\"@type\":\"SearchAction\",\"target\":{\"@type\":\"EntryPoint\",\"urlTemplate\":\"https:\\\/\\\/swissoja.ch\\\/de\\\/?s={search_term_string}\"},\"query-input\":{\"@type\":\"PropertyValueSpecification\",\"valueRequired\":true,\"valueName\":\"search_term_string\"}}],\"inLanguage\":\"de\"}]}<\/script>\n<!-- \/ Yoast SEO plugin. -->","yoast_head_json":{"title":"Allgemeine Gesch\u00e4ftsbedingungen - swissoja.ch","description":"Die Allgemeinen Gesch\u00e4ftsbedingungen f\u00fcr Online-Eink\u00e4ufe von Privatpersonen auf der Website von Swissoja.","robots":{"index":"index","follow":"follow","max-snippet":"max-snippet:-1","max-image-preview":"max-image-preview:large","max-video-preview":"max-video-preview:-1"},"canonical":"https:\/\/swissoja.ch\/de\/allgemine-geschaftsbedingungen\/","og_locale":"de_DE","og_type":"article","og_title":"Allgemeine Gesch\u00e4ftsbedingungen - swissoja.ch","og_description":"Die Allgemeinen Gesch\u00e4ftsbedingungen f\u00fcr Online-Eink\u00e4ufe von Privatpersonen auf der Website von Swissoja.","og_url":"https:\/\/swissoja.ch\/de\/allgemine-geschaftsbedingungen\/","og_site_name":"swissoja.ch","article_publisher":"https:\/\/www.facebook.com\/swissoja","article_modified_time":"2025-01-28T12:46:02+00:00","twitter_card":"summary_large_image","twitter_misc":{"Gesch\u00e4tzte Lesezeit":"9\u00a0Minuten"},"schema":{"@context":"https:\/\/schema.org","@graph":[{"@type":"WebPage","@id":"https:\/\/swissoja.ch\/de\/allgemine-geschaftsbedingungen\/","url":"https:\/\/swissoja.ch\/de\/allgemine-geschaftsbedingungen\/","name":"Allgemeine Gesch\u00e4ftsbedingungen - swissoja.ch","isPartOf":{"@id":"https:\/\/swissoja.ch\/de\/#website"},"datePublished":"2025-01-23T15:58:08+00:00","dateModified":"2025-01-28T12:46:02+00:00","description":"Die Allgemeinen Gesch\u00e4ftsbedingungen f\u00fcr Online-Eink\u00e4ufe von Privatpersonen auf der Website von Swissoja.","breadcrumb":{"@id":"https:\/\/swissoja.ch\/de\/allgemine-geschaftsbedingungen\/#breadcrumb"},"inLanguage":"de","potentialAction":[{"@type":"ReadAction","target":["https:\/\/swissoja.ch\/de\/allgemine-geschaftsbedingungen\/"]}]},{"@type":"BreadcrumbList","@id":"https:\/\/swissoja.ch\/de\/allgemine-geschaftsbedingungen\/#breadcrumb","itemListElement":[{"@type":"ListItem","position":1,"name":"Accueil","item":"https:\/\/swissoja.ch\/de\/"},{"@type":"ListItem","position":2,"name":"Allgemeine Gesch\u00e4ftsbedingungen"}]},{"@type":"WebSite","@id":"https:\/\/swissoja.ch\/de\/#website","url":"https:\/\/swissoja.ch\/de\/","name":"swissoja.ch","description":"PREMIUM SOJA FOOD","potentialAction":[{"@type":"SearchAction","target":{"@type":"EntryPoint","urlTemplate":"https:\/\/swissoja.ch\/de\/?s={search_term_string}"},"query-input":{"@type":"PropertyValueSpecification","valueRequired":true,"valueName":"search_term_string"}}],"inLanguage":"de"}]}},"_links":{"self":[{"href":"https:\/\/swissoja.ch\/de\/wp-json\/wp\/v2\/pages\/38219","targetHints":{"allow":["GET"]}}],"collection":[{"href":"https:\/\/swissoja.ch\/de\/wp-json\/wp\/v2\/pages"}],"about":[{"href":"https:\/\/swissoja.ch\/de\/wp-json\/wp\/v2\/types\/page"}],"author":[{"embeddable":true,"href":"https:\/\/swissoja.ch\/de\/wp-json\/wp\/v2\/users\/4"}],"replies":[{"embeddable":true,"href":"https:\/\/swissoja.ch\/de\/wp-json\/wp\/v2\/comments?post=38219"}],"version-history":[{"count":11,"href":"https:\/\/swissoja.ch\/de\/wp-json\/wp\/v2\/pages\/38219\/revisions"}],"predecessor-version":[{"id":41187,"href":"https:\/\/swissoja.ch\/de\/wp-json\/wp\/v2\/pages\/38219\/revisions\/41187"}],"wp:attachment":[{"href":"https:\/\/swissoja.ch\/de\/wp-json\/wp\/v2\/media?parent=38219"}],"curies":[{"name":"wp","href":"https:\/\/api.w.org\/{rel}","templated":true}]}}