{"id":33190,"date":"2022-10-12T15:24:50","date_gmt":"2022-10-12T13:24:50","guid":{"rendered":"https:\/\/swissoja.ch\/impressum\/"},"modified":"2025-01-23T16:56:48","modified_gmt":"2025-01-23T15:56:48","slug":"impressum","status":"publish","type":"page","link":"https:\/\/swissoja.ch\/de\/impressum\/","title":{"rendered":"Impressum"},"content":{"rendered":"<div class=\"fusion-fullwidth fullwidth-box fusion-builder-row-1 fusion-flex-container nonhundred-percent-fullwidth non-hundred-percent-height-scrolling\" style=\"--awb-border-radius-top-left:0px;--awb-border-radius-top-right:0px;--awb-border-radius-bottom-right:0px;--awb-border-radius-bottom-left:0px;--awb-background-image:linear-gradient(180deg, var(--awb-custom11) 0%,var(--awb-custom11) 100%);--awb-flex-wrap:wrap;\" ><div class=\"fusion-builder-row fusion-row fusion-flex-align-items-flex-start fusion-flex-content-wrap\" style=\"max-width:calc( 1200px + );margin-left: calc(- \/ 2 );margin-right: calc(- \/ 2 );\"><div class=\"fusion-layout-column fusion_builder_column fusion-builder-column-0 fusion_builder_column_1_1 1_1 fusion-flex-column\" style=\"--awb-bg-size:cover;--awb-width-large:100%;--awb-width-medium:100%;--awb-order-medium:0;--awb-width-small:100%;--awb-order-small:0;\"><div class=\"fusion-column-wrapper fusion-column-has-shadow fusion-flex-justify-content-flex-start fusion-content-layout-column\"><div class=\"fusion-text fusion-text-1\" style=\"--awb-text-transform:none;\"><h1>Impressum<\/h1>\n<p>Swissoja.ch ist eine Website, die von der SWISSOJA AG herausgegeben wird und deren alleiniger Eigent\u00fcmer ist.<\/p>\n<p><u>Name und Adresse<\/u><\/p>\n<p>info@swissoja.ch<\/p>\n<p>SWISSOJA AG<\/p>\n<p>Route des Acacias 43<\/p>\n<p>1227 Acacias<\/p>\n<\/div><div class=\"fusion-text fusion-text-2\" style=\"--awb-text-transform:none;\"><h2 class=\"fusion-responsive-typography-calculated\" style=\"--fontsize: 32; line-height: 1.2;\" data-fontsize=\"32\" data-lineheight=\"38.4px\"><strong>Haftungsausschluss<\/strong><\/h2>\n<ol>\n<li>SWISSOJA \u00fcbernimmt keine Verantwortung f\u00fcr direkte oder indirekte Sch\u00e4den, andere Kosten, Verluste und Anspr\u00fcche jeglicher Art, die sich aus dem Zugang zu dieser Website, ihrer Nutzung oder der Unf\u00e4higkeit, sie zu nutzen, oder aus \u00c4nderungen des Inhalts dieser Website oder einer anderen Website, auf die durch einen Hyperlink von dieser Website aus zugegriffen wird, ergeben.<\/li>\n<li>SWISSOJA AG \u00fcbernimmt keine Verantwortung f\u00fcr den Inhalt dieser vernetzten Websites und f\u00fcr die Einhaltung der gesetzlichen Datenschutzbestimmungen durch deren Betreiber.<\/li>\n<li>SWISSOJA AG beh\u00e4lt sich ausdr\u00fccklich das Recht vor, den Inhalt dieser Website jederzeit und ohne Vorank\u00fcndigung ganz oder teilweise zu \u00e4ndern, zu l\u00f6schen oder die Verbreitung vor\u00fcbergehend einzustellen.<\/li>\n<li>SWISSOJA AG ist nicht verpflichtet, Korrekturen, Aktualisierungen oder Neuerungen vorzunehmen und schlie\u00dft jegliche Garantie und Haftung f\u00fcr unrichtige Inhalte aus.<\/li>\n<\/ol>\n<\/div><div class=\"fusion-text fusion-text-3\" style=\"--awb-text-transform:none;\"><h2><strong>Geistiges Eigentum <\/strong><\/h2>\n<ol>\n<li>Die Website <a href=\"http:\/\/www.swissoja.ch\/\">swissoja.ch<\/a> ist urheberrechtlich gesch\u00fctzt.<\/li>\n<li>SWISSOJA AG ist der alleinige Eigent\u00fcmer aller Rechte am geistigen Eigentum sowohl an der Struktur als auch am Inhalt und an den eigenen Datenbanken der Website.<\/li>\n<li>Folglich ist jede Vervielf\u00e4ltigung (einschlie\u00dflich Herunterladen, Drucken usw.), Darstellung, Bereitstellung, \u00f6ffentliche Wiedergabe, Anpassung, \u00c4nderung, \u00dcbersetzung, Transformation, Verbreitung, Integration in eine andere Website, kommerzielle Nutzung und\/oder Wiederverwendung aller oder eines Teils der auf der Website enthaltenen Elemente in jeglicher Form ohne die vorherige schriftliche Genehmigung der SWISSSOJA AG strengstens untersagt.<\/li>\n<li>Die Konsultation und Nutzung der Website verleiht dem Nutzer keinerlei Rechte an geistigem Eigentum an irgendeinem auf der Website enthaltenen Element.<\/li>\n<\/ol>\n<\/div><\/div><\/div><\/div><\/div>\n","protected":false},"excerpt":{"rendered":"","protected":false},"author":4,"featured_media":0,"parent":0,"menu_order":110,"comment_status":"closed","ping_status":"closed","template":"","meta":{"footnotes":""},"class_list":["post-33190","page","type-page","status-publish","hentry"],"yoast_head":"<!-- This site is optimized with the Yoast SEO plugin v27.5 - https:\/\/yoast.com\/product\/yoast-seo-wordpress\/ -->\n<title>Impressum - swissoja.ch<\/title>\n<meta name=\"robots\" content=\"index, follow, max-snippet:-1, max-image-preview:large, max-video-preview:-1\" \/>\n<link rel=\"canonical\" href=\"https:\/\/swissoja.ch\/de\/impressum\/\" \/>\n<meta property=\"og:locale\" content=\"de_DE\" \/>\n<meta property=\"og:type\" content=\"article\" \/>\n<meta property=\"og:title\" content=\"Impressum - swissoja.ch\" \/>\n<meta property=\"og:url\" content=\"https:\/\/swissoja.ch\/de\/impressum\/\" \/>\n<meta property=\"og:site_name\" content=\"swissoja.ch\" \/>\n<meta property=\"article:publisher\" content=\"https:\/\/www.facebook.com\/swissoja\" \/>\n<meta property=\"article:modified_time\" content=\"2025-01-23T15:56:48+00:00\" \/>\n<meta name=\"twitter:card\" content=\"summary_large_image\" \/>\n<meta name=\"twitter:label1\" content=\"Gesch\u00e4tzte Lesezeit\" \/>\n\t<meta name=\"twitter:data1\" content=\"4\u00a0Minuten\" \/>\n<script type=\"application\/ld+json\" class=\"yoast-schema-graph\">{\"@context\":\"https:\\\/\\\/schema.org\",\"@graph\":[{\"@type\":\"WebPage\",\"@id\":\"https:\\\/\\\/swissoja.ch\\\/de\\\/impressum\\\/\",\"url\":\"https:\\\/\\\/swissoja.ch\\\/de\\\/impressum\\\/\",\"name\":\"Impressum - swissoja.ch\",\"isPartOf\":{\"@id\":\"https:\\\/\\\/swissoja.ch\\\/de\\\/#website\"},\"datePublished\":\"2022-10-12T13:24:50+00:00\",\"dateModified\":\"2025-01-23T15:56:48+00:00\",\"breadcrumb\":{\"@id\":\"https:\\\/\\\/swissoja.ch\\\/de\\\/impressum\\\/#breadcrumb\"},\"inLanguage\":\"de\",\"potentialAction\":[{\"@type\":\"ReadAction\",\"target\":[\"https:\\\/\\\/swissoja.ch\\\/de\\\/impressum\\\/\"]}]},{\"@type\":\"BreadcrumbList\",\"@id\":\"https:\\\/\\\/swissoja.ch\\\/de\\\/impressum\\\/#breadcrumb\",\"itemListElement\":[{\"@type\":\"ListItem\",\"position\":1,\"name\":\"Accueil\",\"item\":\"https:\\\/\\\/swissoja.ch\\\/de\\\/\"},{\"@type\":\"ListItem\",\"position\":2,\"name\":\"Impressum\"}]},{\"@type\":\"WebSite\",\"@id\":\"https:\\\/\\\/swissoja.ch\\\/de\\\/#website\",\"url\":\"https:\\\/\\\/swissoja.ch\\\/de\\\/\",\"name\":\"swissoja.ch\",\"description\":\"PREMIUM SOJA FOOD\",\"potentialAction\":[{\"@type\":\"SearchAction\",\"target\":{\"@type\":\"EntryPoint\",\"urlTemplate\":\"https:\\\/\\\/swissoja.ch\\\/de\\\/?s={search_term_string}\"},\"query-input\":{\"@type\":\"PropertyValueSpecification\",\"valueRequired\":true,\"valueName\":\"search_term_string\"}}],\"inLanguage\":\"de\"}]}<\/script>\n<!-- \/ Yoast SEO plugin. -->","yoast_head_json":{"title":"Impressum - swissoja.ch","robots":{"index":"index","follow":"follow","max-snippet":"max-snippet:-1","max-image-preview":"max-image-preview:large","max-video-preview":"max-video-preview:-1"},"canonical":"https:\/\/swissoja.ch\/de\/impressum\/","og_locale":"de_DE","og_type":"article","og_title":"Impressum - swissoja.ch","og_url":"https:\/\/swissoja.ch\/de\/impressum\/","og_site_name":"swissoja.ch","article_publisher":"https:\/\/www.facebook.com\/swissoja","article_modified_time":"2025-01-23T15:56:48+00:00","twitter_card":"summary_large_image","twitter_misc":{"Gesch\u00e4tzte Lesezeit":"4\u00a0Minuten"},"schema":{"@context":"https:\/\/schema.org","@graph":[{"@type":"WebPage","@id":"https:\/\/swissoja.ch\/de\/impressum\/","url":"https:\/\/swissoja.ch\/de\/impressum\/","name":"Impressum - swissoja.ch","isPartOf":{"@id":"https:\/\/swissoja.ch\/de\/#website"},"datePublished":"2022-10-12T13:24:50+00:00","dateModified":"2025-01-23T15:56:48+00:00","breadcrumb":{"@id":"https:\/\/swissoja.ch\/de\/impressum\/#breadcrumb"},"inLanguage":"de","potentialAction":[{"@type":"ReadAction","target":["https:\/\/swissoja.ch\/de\/impressum\/"]}]},{"@type":"BreadcrumbList","@id":"https:\/\/swissoja.ch\/de\/impressum\/#breadcrumb","itemListElement":[{"@type":"ListItem","position":1,"name":"Accueil","item":"https:\/\/swissoja.ch\/de\/"},{"@type":"ListItem","position":2,"name":"Impressum"}]},{"@type":"WebSite","@id":"https:\/\/swissoja.ch\/de\/#website","url":"https:\/\/swissoja.ch\/de\/","name":"swissoja.ch","description":"PREMIUM SOJA FOOD","potentialAction":[{"@type":"SearchAction","target":{"@type":"EntryPoint","urlTemplate":"https:\/\/swissoja.ch\/de\/?s={search_term_string}"},"query-input":{"@type":"PropertyValueSpecification","valueRequired":true,"valueName":"search_term_string"}}],"inLanguage":"de"}]}},"_links":{"self":[{"href":"https:\/\/swissoja.ch\/de\/wp-json\/wp\/v2\/pages\/33190","targetHints":{"allow":["GET"]}}],"collection":[{"href":"https:\/\/swissoja.ch\/de\/wp-json\/wp\/v2\/pages"}],"about":[{"href":"https:\/\/swissoja.ch\/de\/wp-json\/wp\/v2\/types\/page"}],"author":[{"embeddable":true,"href":"https:\/\/swissoja.ch\/de\/wp-json\/wp\/v2\/users\/4"}],"replies":[{"embeddable":true,"href":"https:\/\/swissoja.ch\/de\/wp-json\/wp\/v2\/comments?post=33190"}],"version-history":[{"count":3,"href":"https:\/\/swissoja.ch\/de\/wp-json\/wp\/v2\/pages\/33190\/revisions"}],"predecessor-version":[{"id":41171,"href":"https:\/\/swissoja.ch\/de\/wp-json\/wp\/v2\/pages\/33190\/revisions\/41171"}],"wp:attachment":[{"href":"https:\/\/swissoja.ch\/de\/wp-json\/wp\/v2\/media?parent=33190"}],"curies":[{"name":"wp","href":"https:\/\/api.w.org\/{rel}","templated":true}]}}